{"id":9461,"date":"2019-12-30T10:51:35","date_gmt":"2019-12-30T10:51:35","guid":{"rendered":"http:\/\/iai.pt\/web\/?page_id=9461"},"modified":"2025-09-01T11:00:38","modified_gmt":"2025-09-01T10:00:38","slug":"plano-estrategico-para-a-educacao-da-cidadania","status":"publish","type":"page","link":"http:\/\/iai.pt\/web\/plano-estrategico-para-a-educacao-da-cidadania","title":{"rendered":"Plano Estrat\u00e9gico para a Educa\u00e7\u00e3o da Cidadania"},"content":{"rendered":"<p>[et_pb_section fb_built=&#8221;1&#8243; admin_label=&#8221;section&#8221; _builder_version=&#8221;4.16&#8243; global_colors_info=&#8221;{}&#8221;][et_pb_row admin_label=&#8221;row&#8221; _builder_version=&#8221;4.16&#8243; background_size=&#8221;initial&#8221; background_position=&#8221;top_left&#8221; background_repeat=&#8221;repeat&#8221; global_colors_info=&#8221;{}&#8221;][et_pb_column type=&#8221;4_4&#8243; _builder_version=&#8221;4.16&#8243; custom_padding=&#8221;|||&#8221; global_colors_info=&#8221;{}&#8221; custom_padding__hover=&#8221;|||&#8221;][et_pb_text admin_label=&#8221;Text&#8221; _builder_version=&#8221;4.16&#8243; background_size=&#8221;initial&#8221; background_position=&#8221;top_left&#8221; background_repeat=&#8221;repeat&#8221; global_colors_info=&#8221;{}&#8221;]<\/p>\n<h1>Plano Estrat\u00e9gico para a Educa\u00e7\u00e3o da Cidadania 2025.2026<\/h1>\n<p>[\/et_pb_text][\/et_pb_column][\/et_pb_row][et_pb_row column_structure=&#8221;1_3,2_3&#8243; admin_label=&#8221;row&#8221; _builder_version=&#8221;4.16&#8243; background_size=&#8221;initial&#8221; background_position=&#8221;top_left&#8221; background_repeat=&#8221;repeat&#8221; global_colors_info=&#8221;{}&#8221;][et_pb_column type=&#8221;1_3&#8243; _builder_version=&#8221;4.16&#8243; custom_padding=&#8221;|||&#8221; global_colors_info=&#8221;{}&#8221; custom_padding__hover=&#8221;|||&#8221;][et_pb_text admin_label=&#8221;Text&#8221; _builder_version=&#8221;4.27.4&#8243; background_size=&#8221;initial&#8221; background_position=&#8221;top_left&#8221; background_repeat=&#8221;repeat&#8221; hover_enabled=&#8221;0&#8243; use_border_color=&#8221;off&#8221; border_color=&#8221;#ffffff&#8221; border_style=&#8221;solid&#8221; global_colors_info=&#8221;{}&#8221; sticky_enabled=&#8221;0&#8243;]<\/p>\n<h6><a href=\"https:\/\/iai.pt\/web\/wp-content\/uploads\/2024\/01\/PEEC.pdf\" target=\"_blank\" rel=\"noopener noreferrer\"><img loading=\"lazy\" decoding=\"async\" src=\"https:\/\/iai.pt\/web\/wp-content\/uploads\/2020\/03\/planoestrategico.jpg\" width=\"654\" height=\"921\" alt=\"\" class=\"wp-image-9810 alignnone size-full\" srcset=\"https:\/\/iai.pt\/web\/wp-content\/uploads\/2020\/03\/planoestrategico.jpg 654w, https:\/\/iai.pt\/web\/wp-content\/uploads\/2020\/03\/planoestrategico-480x676.jpg 480w\" sizes=\"(min-width: 0px) and (max-width: 480px) 480px, (min-width: 481px) 654px, 100vw\" \/><\/a><br \/>tamanho: 481KB<\/h6>\n<p>[\/et_pb_text][\/et_pb_column][et_pb_column type=&#8221;2_3&#8243; _builder_version=&#8221;4.16&#8243; custom_padding=&#8221;|||&#8221; global_colors_info=&#8221;{}&#8221; custom_padding__hover=&#8221;|||&#8221;][et_pb_text admin_label=&#8221;Texto&#8221; _builder_version=&#8221;4.16&#8243; background_size=&#8221;initial&#8221; background_position=&#8221;top_left&#8221; background_repeat=&#8221;repeat&#8221; use_border_color=&#8221;off&#8221; border_color=&#8221;#ffffff&#8221; border_style=&#8221;solid&#8221; global_colors_info=&#8221;{}&#8221;]<\/p>\n<p>Para visualizar este conte\u00fado \u00e9 necess\u00e1rio instalar o <a href=\"https:\/\/get.adobe.com\/reader\/?loc=br\" target=\"_blank\" rel=\"noopener noreferrer\">Adobe Acrobat Reader DC<\/a><\/p>\n<p>[\/et_pb_text][\/et_pb_column][\/et_pb_row][\/et_pb_section]<\/p>\n","protected":false},"excerpt":{"rendered":"<p>Plano Estrat\u00e9gico para a Educa\u00e7\u00e3o da Cidadania 2025.2026tamanho: 481KBPara visualizar este conte\u00fado \u00e9 necess\u00e1rio instalar o Adobe Acrobat Reader DC<\/p>\n","protected":false},"author":1,"featured_media":0,"parent":0,"menu_order":0,"comment_status":"closed","ping_status":"closed","template":"","meta":{"_et_pb_use_builder":"on","_et_pb_old_content":"","_et_gb_content_width":"","footnotes":""},"class_list":["post-9461","page","type-page","status-publish","hentry"],"aioseo_notices":[],"_links":{"self":[{"href":"http:\/\/iai.pt\/web\/wp-json\/wp\/v2\/pages\/9461","targetHints":{"allow":["GET"]}}],"collection":[{"href":"http:\/\/iai.pt\/web\/wp-json\/wp\/v2\/pages"}],"about":[{"href":"http:\/\/iai.pt\/web\/wp-json\/wp\/v2\/types\/page"}],"author":[{"embeddable":true,"href":"http:\/\/iai.pt\/web\/wp-json\/wp\/v2\/users\/1"}],"replies":[{"embeddable":true,"href":"http:\/\/iai.pt\/web\/wp-json\/wp\/v2\/comments?post=9461"}],"version-history":[{"count":3,"href":"http:\/\/iai.pt\/web\/wp-json\/wp\/v2\/pages\/9461\/revisions"}],"predecessor-version":[{"id":17099,"href":"http:\/\/iai.pt\/web\/wp-json\/wp\/v2\/pages\/9461\/revisions\/17099"}],"wp:attachment":[{"href":"http:\/\/iai.pt\/web\/wp-json\/wp\/v2\/media?parent=9461"}],"curies":[{"name":"wp","href":"https:\/\/api.w.org\/{rel}","templated":true}]}}