{"id":8330,"date":"2016-12-21T15:05:01","date_gmt":"2016-12-21T15:05:01","guid":{"rendered":"http:\/\/iai.pt\/web\/?page_id=8330"},"modified":"2023-06-21T11:16:13","modified_gmt":"2023-06-21T10:16:13","slug":"eae-desenhoarquitetura","status":"publish","type":"page","link":"https:\/\/iai.pt\/web\/eae-desenhoarquitetura","title":{"rendered":"(EAE) Desenho de Arquitetura &#8211; Plano Curricular"},"content":{"rendered":"<p>[et_pb_section fb_built=&#8221;1&#8243; custom_padding_last_edited=&#8221;on|desktop&#8221; admin_label=&#8221;section&#8221; _builder_version=&#8221;3.22&#8243; background_color=&#8221;#3a3a3a&#8221; background_image=&#8221;http:\/\/iai.pt\/web\/wp-content\/uploads\/2016\/12\/header_eae_desenhoarquitetura_1350x550.jpg&#8221; parallax=&#8221;on&#8221; custom_padding_tablet=&#8221;50px|0|50px|0&#8243; custom_padding_phone=&#8221;&#8221; padding_mobile=&#8221;off&#8221; width_unit=&#8221;off&#8221;][et_pb_row padding_mobile=&#8221;off&#8221; column_padding_mobile=&#8221;on&#8221; admin_label=&#8221;row&#8221; _builder_version=&#8221;3.25&#8243; background_size=&#8221;initial&#8221; background_position=&#8221;top_left&#8221; background_repeat=&#8221;repeat&#8221; make_fullwidth=&#8221;off&#8221; use_custom_width=&#8221;off&#8221; width_unit=&#8221;off&#8221; custom_width_px=&#8221;1080px&#8221; custom_width_percent=&#8221;80%&#8221;][et_pb_column type=&#8221;4_4&#8243; _builder_version=&#8221;3.25&#8243; custom_padding=&#8221;|||&#8221; custom_padding__hover=&#8221;|||&#8221;][et_pb_image src=&#8221;http:\/\/iai.pt\/web\/wp-content\/uploads\/2016\/12\/blank_360x270.png&#8221; align_tablet=&#8221;center&#8221; align_phone=&#8221;&#8221; align_last_edited=&#8221;on|desktop&#8221; admin_label=&#8221;Imagem&#8221; _builder_version=&#8221;3.23&#8243; animation_style=&#8221;slide&#8221; animation_direction=&#8221;left&#8221; animation_duration=&#8221;500ms&#8221; animation_intensity_slide=&#8221;10%&#8221; animation=&#8221;left&#8221; sticky=&#8221;off&#8221; use_border_color=&#8221;off&#8221; border_color=&#8221;#ffffff&#8221; border_style=&#8221;solid&#8221; always_center_on_mobile=&#8221;on&#8221;][\/et_pb_image][\/et_pb_column][\/et_pb_row][et_pb_row padding_mobile=&#8221;off&#8221; column_padding_mobile=&#8221;on&#8221; admin_label=&#8221;row&#8221; _builder_version=&#8221;3.25&#8243; background_size=&#8221;initial&#8221; background_position=&#8221;top_left&#8221; background_repeat=&#8221;repeat&#8221; make_fullwidth=&#8221;off&#8221; use_custom_width=&#8221;off&#8221; width_unit=&#8221;off&#8221; custom_width_px=&#8221;1080px&#8221; custom_width_percent=&#8221;80%&#8221;][et_pb_column type=&#8221;4_4&#8243; _builder_version=&#8221;3.25&#8243; custom_padding=&#8221;|||&#8221; custom_padding__hover=&#8221;|||&#8221;][et_pb_text admin_label=&#8221;Text&#8221; _builder_version=&#8221;3.27.4&#8243; text_font_size=&#8221;60&#8243; background_size=&#8221;initial&#8221; background_position=&#8221;top_left&#8221; background_repeat=&#8221;repeat&#8221; text_orientation=&#8221;center&#8221; module_alignment=&#8221;center&#8221; text_font_size_tablet=&#8221;50&#8243; text_font_size_phone=&#8221;40&#8243; text_font_size_last_edited=&#8221;on|desktop&#8221; border_style=&#8221;solid&#8221;]<\/p>\n<p>Desenho de Arquitetura<\/p>\n<p>[\/et_pb_text][\/et_pb_column][\/et_pb_row][\/et_pb_section][et_pb_section fb_built=&#8221;1&#8243; admin_label=&#8221;Se\u00e7\u00e3o&#8221; _builder_version=&#8221;3.22&#8243;][et_pb_row admin_label=&#8221;Linha&#8221; _builder_version=&#8221;3.25&#8243; background_size=&#8221;initial&#8221; background_position=&#8221;top_left&#8221; background_repeat=&#8221;repeat&#8221;][et_pb_column type=&#8221;4_4&#8243; _builder_version=&#8221;3.25&#8243; custom_padding=&#8221;|||&#8221; custom_padding__hover=&#8221;|||&#8221;][et_pb_testimonial admin_label=&#8221;Depoimento&#8221; _builder_version=&#8221;3.2&#8243; background_size=&#8221;initial&#8221; background_position=&#8221;top_left&#8221; background_repeat=&#8221;repeat&#8221; text_orientation=&#8221;center&#8221; use_border_color=&#8221;off&#8221; border_color=&#8221;#ffffff&#8221; border_style=&#8221;solid&#8221;]Formar profissionais que, integrados numa equipa, executem graficamente a representa\u00e7\u00e3o de projetos, utilizando as ferramentas inform\u00e1ticas do desenho assitido por computador em 2D e 3D, imagem digital e apresenta\u00e7\u00e3o interativa de projectos.<br \/>\n[\/et_pb_testimonial][\/et_pb_column][\/et_pb_row][\/et_pb_section][et_pb_section fb_built=&#8221;1&#8243; custom_padding_last_edited=&#8221;on|desktop&#8221; admin_label=&#8221;section&#8221; _builder_version=&#8221;3.22&#8243; custom_padding_tablet=&#8221;50px|0|50px|0&#8243; custom_padding_phone=&#8221;&#8221; transparent_background=&#8221;off&#8221; padding_mobile=&#8221;off&#8221; make_fullwidth=&#8221;off&#8221; use_custom_width=&#8221;off&#8221; width_unit=&#8221;off&#8221; custom_width_px=&#8221;1080px&#8221; custom_width_percent=&#8221;80%&#8221;][et_pb_row column_structure=&#8221;1_3,1_3,1_3&#8243; padding_mobile=&#8221;off&#8221; column_padding_mobile=&#8221;on&#8221; admin_label=&#8221;row&#8221; _builder_version=&#8221;3.25&#8243; background_size=&#8221;initial&#8221; background_position=&#8221;top_left&#8221; background_repeat=&#8221;repeat&#8221; make_fullwidth=&#8221;off&#8221; use_custom_width=&#8221;off&#8221; width_unit=&#8221;off&#8221; custom_width_px=&#8221;1080px&#8221; custom_width_percent=&#8221;80%&#8221;][et_pb_column type=&#8221;1_3&#8243; _builder_version=&#8221;3.25&#8243; custom_padding=&#8221;|||&#8221; custom_padding__hover=&#8221;|||&#8221;][et_pb_text admin_label=&#8221;Text&#8221; _builder_version=&#8221;4.5.0&#8243; background_size=&#8221;initial&#8221; background_position=&#8221;top_left&#8221; background_repeat=&#8221;repeat&#8221; use_border_color=&#8221;off&#8221; border_color=&#8221;#ffffff&#8221; border_style=&#8221;solid&#8221;]<\/p>\n<h2>Disciplinas da Componente Geral<\/h2>\n<ul>\n<li>Portugu\u00eas<\/li>\n<li>L\u00edngua Estrangeira I, II, III<\/li>\n<li>Filosofia<\/li>\n<li>Express\u00e3o Corporal e Movimento<\/li>\n<\/ul>\n<p>[\/et_pb_text][\/et_pb_column][et_pb_column type=&#8221;1_3&#8243; _builder_version=&#8221;3.25&#8243; custom_padding=&#8221;|||&#8221; custom_padding__hover=&#8221;|||&#8221;][et_pb_text admin_label=&#8221;Text&#8221; _builder_version=&#8221;3.27.4&#8243; background_size=&#8221;initial&#8221; background_position=&#8221;top_left&#8221; background_repeat=&#8221;repeat&#8221; use_border_color=&#8221;off&#8221; border_color=&#8221;#ffffff&#8221; border_style=&#8221;solid&#8221;]<\/p>\n<h2>Disciplinas da Componente Cient\u00edfica<\/h2>\n<ul>\n<li>Hist\u00f3ria da Cultura e das Artes<\/li>\n<li>Geometria Descritiva A<\/li>\n<li>Matem\u00e1tica para as Artes (oferta de escola)<\/li>\n<\/ul>\n<p>[\/et_pb_text][\/et_pb_column][et_pb_column type=&#8221;1_3&#8243; _builder_version=&#8221;3.25&#8243; custom_padding=&#8221;|||&#8221; custom_padding__hover=&#8221;|||&#8221;][et_pb_text admin_label=&#8221;Text&#8221; _builder_version=&#8221;3.27.4&#8243; background_size=&#8221;initial&#8221; background_position=&#8221;top_left&#8221; background_repeat=&#8221;repeat&#8221; use_border_color=&#8221;off&#8221; border_color=&#8221;#ffffff&#8221; border_style=&#8221;solid&#8221;]<\/p>\n<h2>Disciplinas da\u00a0Componente T\u00e9cnica Art\u00edstica<\/h2>\n<ul>\n<li>Desenho A<\/li>\n<li>Oficina de\u00a0Projetos de Constru\u00e7\u00e3o<\/li>\n<\/ul>\n<p>[\/et_pb_text][\/et_pb_column][\/et_pb_row][\/et_pb_section][et_pb_section fb_built=&#8221;1&#8243; admin_label=&#8221;Se\u00e7\u00e3o&#8221; _builder_version=&#8221;3.22&#8243;][et_pb_row admin_label=&#8221;Linha&#8221; _builder_version=&#8221;3.25&#8243; background_size=&#8221;initial&#8221; background_position=&#8221;top_left&#8221; background_repeat=&#8221;repeat&#8221;][et_pb_column type=&#8221;4_4&#8243; _builder_version=&#8221;3.25&#8243; custom_padding=&#8221;|||&#8221; custom_padding__hover=&#8221;|||&#8221;][et_pb_text admin_label=&#8221;Texto&#8221; _builder_version=&#8221;4.5.3&#8243; background_size=&#8221;initial&#8221; background_position=&#8221;top_left&#8221; background_repeat=&#8221;repeat&#8221; hover_enabled=&#8221;0&#8243; use_border_color=&#8221;off&#8221; border_color=&#8221;#ffffff&#8221; border_style=&#8221;solid&#8221;]-O plano de estudos apresenta, para refer\u00eancia e para efeito exemplificativo, a <strong>carga hor\u00e1ria semanal organizada em per\u00edodos de 45 minutos<\/strong>, assumindo a sua distribui\u00e7\u00e3o semanal e por anos de escolaridade um car\u00e1ter indicativo:<\/p>\n<table border=\"0\" width=\"100%\" cellspacing=\"0\" cellpadding=\"0\">\n<tbody>\n<tr>\n<td style=\"text-align: left; width: 13.5417%;\" colspan=\"2\" rowspan=\"2\"><b><\/b><b>Componentes de Forma\u00e7\u00e3o<\/b><\/td>\n<td style=\"text-align: left; width: 38%;\" rowspan=\"2\"><b>Disciplinas<\/b><\/td>\n<td style=\"text-align: center; width: 26%;\" colspan=\"3\"><b>Carga Hor\u00e1ria Semanal <em>(a)<\/em><\/b><\/td>\n<\/tr>\n<tr>\n<td style=\"text-align: center; width: 9%;\">10\u00ba ano<\/td>\n<td style=\"text-align: center; width: 9%;\">11\u00ba ano<\/td>\n<td style=\"text-align: center; width: 8%;\">12\u00ba ano<\/td>\n<\/tr>\n<tr>\n<td style=\"width: 13.5417%;\" rowspan=\"4\">Cidadania e<\/p>\n<p>Desenvolvimento<\/p>\n<p>(d)<\/td>\n<td style=\"width: 27.4583%;\">Geral<\/td>\n<td style=\"width: 38%;\">Portugu\u00eas<br \/>\nL\u00edngua Estrangeira I, II ou III <em>(b)<\/em><br \/>\nFilosofia<br \/>\nExpress\u00e3o Corporal e Movimento<\/td>\n<td style=\"text-align: center; width: 9%;\">180<br \/>\n150<br \/>\n150<br \/>\n150<\/td>\n<td style=\"text-align: center; width: 9%;\">180<br \/>\n150<br \/>\n150<br \/>\n150<\/td>\n<td style=\"text-align: center; width: 8%;\">200<br \/>\n&#8211;<br \/>\n&#8211;<br \/>\n&#8211;<\/td>\n<\/tr>\n<tr>\n<td style=\"width: 27.4583%;\">Cient\u00edfica<\/td>\n<td style=\"width: 38%;\">Hist\u00f3ria da Cultura e das Artes<br \/>\nGeometria Descritiva A<br \/>\nOferta de Escola &#8211; Matem\u00e1tica para as Artes<\/td>\n<td style=\"text-align: center; width: 9%;\">180<br \/>\n&#8211;<br \/>\n180<\/td>\n<td style=\"text-align: center; width: 9%;\">180<br \/>\n270<br \/>\n180<\/td>\n<td style=\"text-align: center; width: 8%;\">180<br \/>\n270<br \/>\n&#8211;<\/td>\n<\/tr>\n<tr>\n<td style=\"width: 27.4583%;\"><\/td>\n<td style=\"text-align: right; width: 38%;\">Subtotal<\/td>\n<td style=\"text-align: center; width: 9%;\">180\/360<\/td>\n<td style=\"text-align: center; width: 9%;\">450\/630<\/td>\n<td style=\"text-align: center; width: 8%;\">450<\/td>\n<\/tr>\n<tr>\n<td style=\"width: 27.4583%;\">T\u00e9cnica-Art\u00edstica<\/td>\n<td style=\"width: 38%;\">Desenho A<br \/>\nOficina de Projetos de Constru\u00e7\u00e3o<\/td>\n<td style=\"text-align: center; width: 9%;\">250<br \/>\n360<\/td>\n<td style=\"text-align: center; width: 9%;\">250<br \/>\n360<\/td>\n<td style=\"text-align: center; width: 8%;\">250<br \/>\n480<\/td>\n<\/tr>\n<tr>\n<td style=\"width: 13.5417%;\"><\/td>\n<td style=\"width: 27.4583%;\"><\/td>\n<td style=\"text-align: right; width: 38%;\">Sub-total<\/td>\n<td style=\"text-align: center; width: 9%;\">600\/790<\/td>\n<td style=\"text-align: center; width: 9%;\">450\/630<\/td>\n<td style=\"text-align: center; width: 8%;\">730<\/td>\n<\/tr>\n<tr>\n<td style=\"width: 13.5417%;\" colspan=\"2\">Forma\u00e7\u00e3o em Contexto de Trabalho (c)<\/td>\n<td style=\"text-align: right; width: 38%;\"><\/td>\n<td style=\"text-align: center; width: 9%;\">&#8211;<\/td>\n<td style=\"text-align: center; width: 9%;\">&#8211;<\/td>\n<td style=\"text-align: center; width: 8%;\">480<\/td>\n<\/tr>\n<tr>\n<td style=\"width: 13.5417%;\"><\/td>\n<td style=\"width: 27.4583%;\"><\/td>\n<td style=\"text-align: right; width: 38%;\"><strong>Total<\/strong><\/td>\n<td style=\"text-align: center; width: 9%;\">1600<\/td>\n<td style=\"text-align: center; width: 9%;\">1970<\/td>\n<td style=\"text-align: center; width: 8%;\">1860<\/td>\n<\/tr>\n<\/tbody>\n<\/table>\n<p><em>a) Carga letiva em minutos, referente a tempo \u00fatil de aula, ficando ao crit\u00e9rio de cada escola a distribui\u00e7\u00e3o dos tempos pelas diferentes disciplinas, dentro dos limites estabelecidos &#8211; m\u00ednimo por disciplina e total por ano.<br \/>\nb) O aluno escolhe uma l\u00edngua estrangeira. Se tiver estudado apenas uma l\u00edngua estrangeira no ensino b\u00e1sico, iniciar\u00e1 obrigatoriamente uma segunda l\u00edngua no ensino secund\u00e1rio. No caso de o aluno iniciar uma l\u00edngua, tomando em conta as disponibilidades da escola, poder\u00e1 cumulativamente dar continuidade \u00e0 L\u00edngua Estrangeira I como disciplina facultativa, com a aceita\u00e7\u00e3o expressa do acr\u00e9scimo da carga hor\u00e1ria.<br \/>\nc) Integra, no 12\u00ba ano, forma\u00e7\u00e3o em contexto de trabalho. M\u00e9dia de 280 horas.<\/em><br \/>\n<em>d) Componente desenvolvida no artigo 10\u00ba da Portaria n\u00ba360\/2019<\/em>[\/et_pb_text][\/et_pb_column][\/et_pb_row][\/et_pb_section][et_pb_section fb_built=&#8221;1&#8243; custom_padding_last_edited=&#8221;on|desktop&#8221; admin_label=&#8221;section&#8221; _builder_version=&#8221;3.22&#8243; background_color=&#8221;#f7f7f7&#8243; custom_padding_tablet=&#8221;50px|0|50px|0&#8243; custom_padding_phone=&#8221;&#8221; transparent_background=&#8221;off&#8221; padding_mobile=&#8221;off&#8221; make_fullwidth=&#8221;off&#8221; use_custom_width=&#8221;off&#8221; width_unit=&#8221;off&#8221; custom_width_px=&#8221;1080px&#8221; custom_width_percent=&#8221;80%&#8221;][et_pb_row padding_mobile=&#8221;off&#8221; column_padding_mobile=&#8221;on&#8221; admin_label=&#8221;row&#8221; _builder_version=&#8221;3.25&#8243; background_size=&#8221;initial&#8221; background_position=&#8221;top_left&#8221; background_repeat=&#8221;repeat&#8221; make_fullwidth=&#8221;off&#8221; use_custom_width=&#8221;off&#8221; width_unit=&#8221;off&#8221; custom_width_px=&#8221;1080px&#8221; custom_width_percent=&#8221;80%&#8221;][et_pb_column type=&#8221;4_4&#8243; _builder_version=&#8221;3.25&#8243; custom_padding=&#8221;|||&#8221; custom_padding__hover=&#8221;|||&#8221;][et_pb_cta title=&#8221;Interessado?&#8221; button_url=&#8221;http:\/\/iai.pt\/web\/candidatura&#8221; button_text=&#8221;Candidatura&#8221; admin_label=&#8221;Call To Action&#8221; _builder_version=&#8221;3.16&#8243; use_background_color=&#8221;off&#8221; background_size=&#8221;initial&#8221; background_position=&#8221;top_left&#8221; background_repeat=&#8221;repeat&#8221; background_layout=&#8221;light&#8221; use_border_color=&#8221;off&#8221; border_color=&#8221;#ffffff&#8221; border_style=&#8221;solid&#8221; button_letter_spacing_hover=&#8221;0&#8243; button_text_size__hover_enabled=&#8221;off&#8221; button_one_text_size__hover_enabled=&#8221;off&#8221; button_two_text_size__hover_enabled=&#8221;off&#8221; button_text_color__hover_enabled=&#8221;off&#8221; button_one_text_color__hover_enabled=&#8221;off&#8221; button_two_text_color__hover_enabled=&#8221;off&#8221; button_border_width__hover_enabled=&#8221;off&#8221; button_one_border_width__hover_enabled=&#8221;off&#8221; button_two_border_width__hover_enabled=&#8221;off&#8221; button_border_color__hover_enabled=&#8221;off&#8221; button_one_border_color__hover_enabled=&#8221;off&#8221; button_two_border_color__hover_enabled=&#8221;off&#8221; button_border_radius__hover_enabled=&#8221;off&#8221; button_one_border_radius__hover_enabled=&#8221;off&#8221; button_two_border_radius__hover_enabled=&#8221;off&#8221; button_letter_spacing__hover_enabled=&#8221;on&#8221; button_letter_spacing__hover=&#8221;0&#8243; button_one_letter_spacing__hover_enabled=&#8221;off&#8221; button_two_letter_spacing__hover_enabled=&#8221;off&#8221; button_bg_color__hover_enabled=&#8221;off&#8221; button_one_bg_color__hover_enabled=&#8221;off&#8221; button_two_bg_color__hover_enabled=&#8221;off&#8221;][\/et_pb_cta][\/et_pb_column][\/et_pb_row][\/et_pb_section]<\/p>\n","protected":false},"excerpt":{"rendered":"<p>Desenho de Arquitetura Formar profissionais que, integrados numa equipa, executem graficamente a representa\u00e7\u00e3o de projetos, utilizando as ferramentas inform\u00e1ticas do desenho assitido por computador em 2D e 3D, imagem digital e apresenta\u00e7\u00e3o interativa de projectos. Disciplinas da Componente Geral Portugu\u00eas L\u00edngua Estrangeira I, II, III Filosofia Express\u00e3o Corporal e Movimento Disciplinas da Componente Cient\u00edfica Hist\u00f3ria [&hellip;]<\/p>\n","protected":false},"author":1,"featured_media":0,"parent":0,"menu_order":0,"comment_status":"closed","ping_status":"closed","template":"","meta":{"_et_pb_use_builder":"on","_et_pb_old_content":"","_et_gb_content_width":"","footnotes":""},"class_list":["post-8330","page","type-page","status-publish","hentry"],"aioseo_notices":[],"_links":{"self":[{"href":"https:\/\/iai.pt\/web\/wp-json\/wp\/v2\/pages\/8330","targetHints":{"allow":["GET"]}}],"collection":[{"href":"https:\/\/iai.pt\/web\/wp-json\/wp\/v2\/pages"}],"about":[{"href":"https:\/\/iai.pt\/web\/wp-json\/wp\/v2\/types\/page"}],"author":[{"embeddable":true,"href":"https:\/\/iai.pt\/web\/wp-json\/wp\/v2\/users\/1"}],"replies":[{"embeddable":true,"href":"https:\/\/iai.pt\/web\/wp-json\/wp\/v2\/comments?post=8330"}],"version-history":[{"count":0,"href":"https:\/\/iai.pt\/web\/wp-json\/wp\/v2\/pages\/8330\/revisions"}],"wp:attachment":[{"href":"https:\/\/iai.pt\/web\/wp-json\/wp\/v2\/media?parent=8330"}],"curies":[{"name":"wp","href":"https:\/\/api.w.org\/{rel}","templated":true}]}}