{"id":8515,"date":"2017-05-23T12:26:10","date_gmt":"2017-05-23T11:26:10","guid":{"rendered":"http:\/\/iai.pt\/web\/?page_id=8515"},"modified":"2023-06-21T11:11:14","modified_gmt":"2023-06-21T10:11:14","slug":"cef-operador-de-fotografia","status":"publish","type":"page","link":"https:\/\/iai.pt\/web\/cef-operador-de-fotografia","title":{"rendered":"CEF-Operador de Fotografia &#8211; Plano Curricular"},"content":{"rendered":"<p>[et_pb_section bb_built=&#8221;1&#8243; admin_label=&#8221;section&#8221; background_color=&#8221;#3a3a3a&#8221; inner_shadow=&#8221;on&#8221; parallax=&#8221;on&#8221; padding_mobile=&#8221;off&#8221; width_unit=&#8221;off&#8221; fullwidth=&#8221;off&#8221; specialty=&#8221;off&#8221; disabled=&#8221;off&#8221; background_image=&#8221;http:\/\/iai.pt\/web\/wp-content\/uploads\/2017\/05\/header_cef_operadorfotografia_1350x550.jpg&#8221; _builder_version=&#8221;3.0.51&#8243;][et_pb_row admin_label=&#8221;row&#8221; make_fullwidth=&#8221;off&#8221; use_custom_width=&#8221;off&#8221; width_unit=&#8221;off&#8221; custom_width_px=&#8221;1080px&#8221; custom_width_percent=&#8221;80%&#8221; use_custom_gutter=&#8221;off&#8221; gutter_width=&#8221;3&#8243; padding_mobile=&#8221;off&#8221; allow_player_pause=&#8221;off&#8221; parallax=&#8221;off&#8221; parallax_method=&#8221;on&#8221; make_equal=&#8221;off&#8221; column_padding_mobile=&#8221;on&#8221; parallax_1=&#8221;off&#8221; parallax_method_1=&#8221;on&#8221; parallax_2=&#8221;off&#8221; parallax_method_2=&#8221;on&#8221; parallax_3=&#8221;off&#8221; parallax_method_3=&#8221;on&#8221; parallax_4=&#8221;off&#8221; parallax_method_4=&#8221;on&#8221; disabled=&#8221;off&#8221; background_position=&#8221;top_left&#8221; background_repeat=&#8221;repeat&#8221; background_size=&#8221;initial&#8221;][et_pb_column type=&#8221;4_4&#8243;][et_pb_image admin_label=&#8221;Imagem&#8221; show_in_lightbox=&#8221;off&#8221; url_new_window=&#8221;off&#8221; use_overlay=&#8221;off&#8221; sticky=&#8221;off&#8221; align=&#8221;left&#8221; force_fullwidth=&#8221;off&#8221; always_center_on_mobile=&#8221;on&#8221; border_style=&#8221;solid&#8221; _builder_version=&#8221;3.0.51&#8243; src=&#8221;http:\/\/iai.pt\/web\/wp-content\/uploads\/2016\/12\/blank_360x270.png&#8221; \/][\/et_pb_column][\/et_pb_row][et_pb_row admin_label=&#8221;row&#8221; make_fullwidth=&#8221;off&#8221; use_custom_width=&#8221;off&#8221; width_unit=&#8221;off&#8221; custom_width_px=&#8221;1080px&#8221; custom_width_percent=&#8221;80%&#8221; use_custom_gutter=&#8221;off&#8221; gutter_width=&#8221;3&#8243; padding_mobile=&#8221;off&#8221; allow_player_pause=&#8221;off&#8221; parallax=&#8221;off&#8221; parallax_method=&#8221;on&#8221; make_equal=&#8221;off&#8221; column_padding_mobile=&#8221;on&#8221; parallax_1=&#8221;off&#8221; parallax_method_1=&#8221;on&#8221; parallax_2=&#8221;off&#8221; parallax_method_2=&#8221;on&#8221; parallax_3=&#8221;off&#8221; parallax_method_3=&#8221;on&#8221; parallax_4=&#8221;off&#8221; parallax_method_4=&#8221;on&#8221; disabled=&#8221;off&#8221; background_position=&#8221;top_left&#8221; background_repeat=&#8221;repeat&#8221; background_size=&#8221;initial&#8221;][et_pb_column type=&#8221;4_4&#8243;][et_pb_text admin_label=&#8221;Text&#8221; background_layout=&#8221;light&#8221; text_orientation=&#8221;center&#8221; border_style=&#8221;solid&#8221; disabled=&#8221;off&#8221; background_position=&#8221;top_left&#8221; background_repeat=&#8221;repeat&#8221; background_size=&#8221;initial&#8221; _builder_version=&#8221;3.0.51&#8243; text_font_size=&#8221;60&#8243; text_font_size_tablet=&#8221;50&#8243; text_font_size_phone=&#8221;40&#8243; text_font_size_last_edited=&#8221;on|phone&#8221;]<\/p>\n<p>Operador\/a de Fotografia<\/p>\n<p>[\/et_pb_text][\/et_pb_column][\/et_pb_row][\/et_pb_section][et_pb_section bb_built=&#8221;1&#8243; admin_label=&#8221;Se\u00e7\u00e3o&#8221; fullwidth=&#8221;off&#8221; specialty=&#8221;off&#8221;][et_pb_row admin_label=&#8221;Linha&#8221; background_position=&#8221;top_left&#8221; background_repeat=&#8221;repeat&#8221; background_size=&#8221;initial&#8221;][et_pb_column type=&#8221;4_4&#8243;][et_pb_testimonial admin_label=&#8221;Depoimento&#8221; url_new_window=&#8221;off&#8221; quote_icon=&#8221;on&#8221; use_background_color=&#8221;on&#8221; background_color=&#8221;#f5f5f5&#8243; background_layout=&#8221;light&#8221; text_orientation=&#8221;center&#8221; use_border_color=&#8221;off&#8221; border_color=&#8221;#ffffff&#8221; border_style=&#8221;solid&#8221; background_position=&#8221;top_left&#8221; background_repeat=&#8221;repeat&#8221; background_size=&#8221;initial&#8221;]<\/p>\n<p>Executa a capta\u00e7\u00e3o e edi\u00e7\u00e3o de imagens de objetos e pessoas, no exterior e em est\u00fadio, utilizando diferentes tipos de m\u00e1quinas e pel\u00edculas fotogr\u00e1ficas, com o objetivo de reproduzir diversas esp\u00e9cies fotogr\u00e1ficas atrav\u00e9s de processos de digitaliza\u00e7\u00e3o de imagens, revela\u00e7\u00e3o e impress\u00e3o de pel\u00edculas fotogr\u00e1ficas, a cores ou a preto e branco.<\/p>\n<p>[\/et_pb_testimonial][\/et_pb_column][\/et_pb_row][\/et_pb_section][et_pb_section bb_built=&#8221;1&#8243; admin_label=&#8221;Se\u00e7\u00e3o&#8221; fullwidth=&#8221;off&#8221; specialty=&#8221;off&#8221;][et_pb_row admin_label=&#8221;Linha&#8221; background_position=&#8221;top_left&#8221; background_repeat=&#8221;repeat&#8221; background_size=&#8221;initial&#8221;][et_pb_column type=&#8221;4_4&#8243;][et_pb_text admin_label=&#8221;Texto&#8221; background_layout=&#8221;light&#8221; text_orientation=&#8221;left&#8221; border_style=&#8221;solid&#8221; background_position=&#8221;top_left&#8221; background_repeat=&#8221;repeat&#8221; background_size=&#8221;initial&#8221; _builder_version=&#8221;3.0.51&#8243;]<\/p>\n<h3>Plano Curricular<\/h3>\n<table border=\"1\" width=\"100%\" cellspacing=\"0\" cellpadding=\"0\">\n<tbody>\n<tr>\n<td colspan=\"3\">\n<h5 style=\"text-align: center;\">Disciplinas<\/h5>\n<\/td>\n<td>\n<h5 style=\"text-align: center;\">1\u00ba ano<\/h5>\n<\/td>\n<td style=\"text-align: center;\">\n<h5>2\u00ba ano<\/h5>\n<\/td>\n<td>\n<h5 style=\"text-align: center;\">Total<\/h5>\n<\/td>\n<\/tr>\n<tr>\n<td rowspan=\"7\">\n<h5>Sociocultural<\/h5>\n<\/td>\n<td rowspan=\"7\"><\/td>\n<td>Portugu\u00eas<\/td>\n<td style=\"text-align: center;\">100<\/td>\n<td style=\"text-align: center;\">92<\/td>\n<td style=\"text-align: center;\">192<\/td>\n<\/tr>\n<tr>\n<td>L\u00edngua Estrangeira (Ingl\u00eas)<\/td>\n<td style=\"text-align: center;\">100<\/td>\n<td style=\"text-align: center;\">92<\/td>\n<td style=\"text-align: center;\">192<\/td>\n<\/tr>\n<tr>\n<td>Cidadania e Mundo Atual<\/td>\n<td style=\"text-align: center;\">100<\/td>\n<td style=\"text-align: center;\">92<\/td>\n<td style=\"text-align: center;\">192<\/td>\n<\/tr>\n<tr>\n<td>Tecnologias da Informa\u00e7\u00e3o e Comunica\u00e7\u00e3o<\/td>\n<td style=\"text-align: center;\">48<\/td>\n<td style=\"text-align: center;\">48<\/td>\n<td style=\"text-align: center;\">96<\/td>\n<\/tr>\n<tr>\n<td>Educa\u00e7\u00e3o F\u00edsica<\/td>\n<td style=\"text-align: center;\">48<\/td>\n<td style=\"text-align: center;\">48<\/td>\n<td style=\"text-align: center;\">96<\/td>\n<\/tr>\n<tr>\n<td>Higiene, Sa\u00fade e Seguran\u00e7a no Trabalho<\/td>\n<td style=\"text-align: center;\">30<\/td>\n<td style=\"text-align: center;\"><\/td>\n<td style=\"text-align: center;\">30<\/td>\n<\/tr>\n<tr>\n<td align=\"right\"><strong>Sub-Total<\/strong><\/td>\n<td style=\"text-align: center;\"><strong>426<\/strong><\/td>\n<td style=\"text-align: center;\"><strong>372<\/strong><\/td>\n<td style=\"text-align: center;\"><strong>798<\/strong><\/td>\n<\/tr>\n<tr>\n<td rowspan=\"3\">\n<h5>Cient\u00edfica<\/h5>\n<\/td>\n<td rowspan=\"3\"><\/td>\n<td>Matem\u00e1tica Aplicada<\/td>\n<td style=\"text-align: center;\">100<\/td>\n<td style=\"text-align: center;\">110<\/td>\n<td style=\"text-align: center;\">210<\/td>\n<\/tr>\n<tr>\n<td>Artes Visuais<\/td>\n<td style=\"text-align: center;\">63<\/td>\n<td style=\"text-align: center;\">60<\/td>\n<td style=\"text-align: center;\">123<\/td>\n<\/tr>\n<tr>\n<td align=\"right\"><strong>Sub-Total<\/strong><\/td>\n<td style=\"text-align: center;\"><strong>163<\/strong><\/td>\n<td style=\"text-align: center;\"><strong>170<\/strong><\/td>\n<td style=\"text-align: center;\"><strong>333<\/strong><\/td>\n<\/tr>\n<tr>\n<td rowspan=\"26\">\n<h5>Tecnol\u00f3gica<\/h5>\n<\/td>\n<td rowspan=\"26\"><\/td>\n<td><strong>UFCD pr\u00e9-definidas Referencial<\/strong><\/td>\n<td style=\"text-align: center;\" colspan=\"3\"><\/td>\n<\/tr>\n<tr>\n<td>106 &#8211; Hist\u00f3ria da Fotografia<\/td>\n<td style=\"text-align: center;\">25<\/td>\n<td style=\"text-align: center;\" rowspan=\"13\"><\/td>\n<td style=\"text-align: center;\" rowspan=\"17\"><\/td>\n<\/tr>\n<tr>\n<td>107 &#8211; Fotografia Inicia\u00e7\u00e3o<\/td>\n<td style=\"text-align: center;\">50<\/td>\n<\/tr>\n<tr>\n<td>108 &#8211; M\u00e1quinas Fotogr\u00e1ficas &#8211; objetivas e comandos<\/td>\n<td style=\"text-align: center;\">25<\/td>\n<\/tr>\n<tr>\n<td>109 &#8211; Fontes Luminosas<\/td>\n<td style=\"text-align: center;\">25<\/td>\n<\/tr>\n<tr>\n<td>110 &#8211; Defini\u00e7\u00e3o e C\u00e1lculo da exposi\u00e7\u00e3o adequada<\/td>\n<td style=\"text-align: center;\">50<\/td>\n<\/tr>\n<tr>\n<td>111 &#8211; T\u00e9cnicas de Fotografia, execu\u00e7\u00e3o de fotografia exposi\u00e7\u00e3o<\/td>\n<td style=\"text-align: center;\">50<\/td>\n<\/tr>\n<tr>\n<td>112 &#8211; Revela\u00e7\u00e3o de um filme P\/B exposto<\/td>\n<td style=\"text-align: center;\">25<\/td>\n<\/tr>\n<tr>\n<td>114 &#8211; Ampliadores P\/B e seus comandos<\/td>\n<td style=\"text-align: center;\">50<\/td>\n<\/tr>\n<tr>\n<td>115 &#8211; Execu\u00e7\u00e3o de provas diretas<\/td>\n<td style=\"text-align: center;\">25<\/td>\n<\/tr>\n<tr>\n<td>116 &#8211; Execu\u00e7\u00e3o de provas manipuladas<\/td>\n<td style=\"text-align: center;\">25<\/td>\n<\/tr>\n<tr>\n<td>117 &#8211; Ampliadores de cor<\/td>\n<td style=\"text-align: center;\">25<\/td>\n<\/tr>\n<tr>\n<td>118 &#8211; Processo de impress\u00e3o de cor<\/td>\n<td style=\"text-align: center;\">25<\/td>\n<\/tr>\n<tr>\n<td>119 &#8211; Teoria da Cor-Conceitos b\u00e1sicos<\/td>\n<td style=\"text-align: center;\">25<\/td>\n<\/tr>\n<tr>\n<td>121 &#8211; Equipamentos digitais<\/td>\n<td style=\"text-align: center;\" rowspan=\"11\"><\/td>\n<td style=\"text-align: center;\">50<\/td>\n<\/tr>\n<tr>\n<td>122 &#8211; Software adequado ao tratamento de imagens<\/td>\n<td style=\"text-align: center;\">25<\/td>\n<\/tr>\n<tr>\n<td>123 &#8211; Acess\u00f3rios fotogr\u00e1ficos<\/td>\n<td style=\"text-align: center;\">25<\/td>\n<\/tr>\n<tr>\n<td>124 &#8211; Equipamentos essenciais \u00e0 fotografia de est\u00fadio<\/td>\n<td style=\"text-align: center;\">25<\/td>\n<\/tr>\n<tr>\n<td>125 &#8211; T\u00e9cnicas de fotografia de est\u00fadio<\/td>\n<td style=\"text-align: center;\" rowspan=\"7\"><\/td>\n<td style=\"text-align: center;\">25<\/td>\n<\/tr>\n<tr>\n<td>126 &#8211; Fotografia de est\u00fadio no \u00e2mbito do mercado<\/td>\n<td style=\"text-align: center;\">25<\/td>\n<\/tr>\n<tr>\n<td>127 &#8211; Mercado da fotografia<\/td>\n<td style=\"text-align: center;\">50<\/td>\n<\/tr>\n<tr>\n<td>128 &#8211; Est\u00e9tica da fotografia<\/td>\n<td style=\"text-align: center;\">25<\/td>\n<\/tr>\n<tr>\n<td>7842 &#8211; T\u00e9cnicas de Atendimento<\/td>\n<td style=\"text-align: center;\">50<\/td>\n<\/tr>\n<tr>\n<td>130 &#8211; Acabamento e apresenta\u00e7\u00e3o de um trabalho fotogr\u00e1fico<\/td>\n<td style=\"text-align: center;\">50<\/td>\n<\/tr>\n<tr>\n<td>131 &#8211; Montagem de uma exposi\u00e7\u00e3o<\/td>\n<td style=\"text-align: center;\">25<\/td>\n<\/tr>\n<tr>\n<td align=\"right\"><strong>Sub-Total<\/strong><\/td>\n<td style=\"text-align: center;\"><strong>425<\/strong><\/td>\n<td style=\"text-align: center;\"><strong>375<\/strong><\/td>\n<td style=\"text-align: center;\"><strong>800<\/strong><\/td>\n<\/tr>\n<tr>\n<td rowspan=\"1\">\n<h5>Pr\u00e1tica<\/h5>\n<\/td>\n<td rowspan=\"1\"><\/td>\n<td>Forma\u00e7\u00e3o em Contexto de Trabalho<\/td>\n<td style=\"text-align: center;\"><\/td>\n<td style=\"text-align: center;\">210<\/td>\n<td style=\"text-align: center;\">210<\/td>\n<\/tr>\n<tr>\n<td rowspan=\"1\"><\/td>\n<td rowspan=\"1\"><\/td>\n<td align=\"right\" bgcolor=\"#EDEDED\"><strong>Total de Horas Ano\/Curso<\/strong><\/td>\n<td style=\"text-align: center;\" bgcolor=\"#EDEDED\"><strong>1014<\/strong><\/td>\n<td style=\"text-align: center;\" bgcolor=\"#EDEDED\"><strong>1127<\/strong><\/td>\n<td style=\"text-align: center;\" bgcolor=\"#EDEDED\"><strong>2141<\/strong><\/td>\n<\/tr>\n<\/tbody>\n<\/table>\n<p>[\/et_pb_text][\/et_pb_column][\/et_pb_row][\/et_pb_section][et_pb_section bb_built=&#8221;1&#8243; admin_label=&#8221;section&#8221; background_color=&#8221;#19a03d&#8221; padding_mobile=&#8221;off&#8221; width_unit=&#8221;off&#8221; fullwidth=&#8221;off&#8221; specialty=&#8221;off&#8221; disabled=&#8221;off&#8221; _builder_version=&#8221;3.0.51&#8243; background_image=&#8221;http:\/\/iai.pt\/web\/wp-content\/uploads\/2017\/05\/back_1920_verde.jpg&#8221; parallax=&#8221;on&#8221;][et_pb_row admin_label=&#8221;row&#8221; width_unit=&#8221;off&#8221; padding_mobile=&#8221;off&#8221; column_padding_mobile=&#8221;on&#8221; parallax_2=&#8221;off&#8221; parallax_method_2=&#8221;on&#8221; parallax_3=&#8221;off&#8221; parallax_method_3=&#8221;on&#8221; parallax_4=&#8221;off&#8221; parallax_method_4=&#8221;on&#8221; disabled=&#8221;off&#8221; background_position=&#8221;top_left&#8221; background_repeat=&#8221;repeat&#8221; background_size=&#8221;initial&#8221; _builder_version=&#8221;3.0.51&#8243; background_position_1=&#8221;top_left&#8221; background_repeat_1=&#8221;no-repeat&#8221;][et_pb_column type=&#8221;4_4&#8243;][et_pb_cta admin_label=&#8221;Call To Action&#8221; title=&#8221;Interessado?&#8221; button_url=&#8221;http:\/\/iai.pt\/web\/candidatura&#8221; url_new_window=&#8221;off&#8221; button_text=&#8221;Candidatura&#8221; use_background_color=&#8221;off&#8221; background_color=&#8221;#19a03d&#8221; background_layout=&#8221;dark&#8221; border_style=&#8221;solid&#8221; custom_button=&#8221;off&#8221; button_use_icon=&#8221;on&#8221; button_icon_placement=&#8221;right&#8221; button_letter_spacing_hover=&#8221;0&#8243; disabled=&#8221;off&#8221; button_letter_spacing=&#8221;0&#8243; background_position=&#8221;top_left&#8221; background_repeat=&#8221;repeat&#8221; background_size=&#8221;initial&#8221; _builder_version=&#8221;3.0.51&#8243; \/][\/et_pb_column][\/et_pb_row][\/et_pb_section]<\/p>\n","protected":false},"excerpt":{"rendered":"<p>Operador\/a de Fotografia Executa a capta\u00e7\u00e3o e edi\u00e7\u00e3o de imagens de objetos e pessoas, no exterior e em est\u00fadio, utilizando diferentes tipos de m\u00e1quinas e pel\u00edculas fotogr\u00e1ficas, com o objetivo de reproduzir diversas esp\u00e9cies fotogr\u00e1ficas atrav\u00e9s de processos de digitaliza\u00e7\u00e3o de imagens, revela\u00e7\u00e3o e impress\u00e3o de pel\u00edculas fotogr\u00e1ficas, a cores ou a preto e branco. [&hellip;]<\/p>\n","protected":false},"author":1,"featured_media":8602,"parent":0,"menu_order":0,"comment_status":"closed","ping_status":"closed","template":"","meta":{"_et_pb_use_builder":"on","_et_pb_old_content":"","_et_gb_content_width":"","footnotes":""},"class_list":["post-8515","page","type-page","status-publish","has-post-thumbnail","hentry"],"aioseo_notices":[],"_links":{"self":[{"href":"https:\/\/iai.pt\/web\/wp-json\/wp\/v2\/pages\/8515","targetHints":{"allow":["GET"]}}],"collection":[{"href":"https:\/\/iai.pt\/web\/wp-json\/wp\/v2\/pages"}],"about":[{"href":"https:\/\/iai.pt\/web\/wp-json\/wp\/v2\/types\/page"}],"author":[{"embeddable":true,"href":"https:\/\/iai.pt\/web\/wp-json\/wp\/v2\/users\/1"}],"replies":[{"embeddable":true,"href":"https:\/\/iai.pt\/web\/wp-json\/wp\/v2\/comments?post=8515"}],"version-history":[{"count":1,"href":"https:\/\/iai.pt\/web\/wp-json\/wp\/v2\/pages\/8515\/revisions"}],"predecessor-version":[{"id":8566,"href":"https:\/\/iai.pt\/web\/wp-json\/wp\/v2\/pages\/8515\/revisions\/8566"}],"wp:featuredmedia":[{"embeddable":true,"href":"https:\/\/iai.pt\/web\/wp-json\/wp\/v2\/media\/8602"}],"wp:attachment":[{"href":"https:\/\/iai.pt\/web\/wp-json\/wp\/v2\/media?parent=8515"}],"curies":[{"name":"wp","href":"https:\/\/api.w.org\/{rel}","templated":true}]}}