{"id":8558,"date":"2017-06-13T17:33:03","date_gmt":"2017-06-13T16:33:03","guid":{"rendered":"http:\/\/iai.pt\/web\/?page_id=8558"},"modified":"2025-07-15T10:53:13","modified_gmt":"2025-07-15T09:53:13","slug":"cursos-profissionais","status":"publish","type":"page","link":"https:\/\/iai.pt\/web\/cursos-profissionais","title":{"rendered":"Cursos Profissionais"},"content":{"rendered":"<p>[et_pb_section fb_built=&#8221;1&#8243; admin_label=&#8221;section&#8221; _builder_version=&#8221;4.16&#8243; global_colors_info=&#8221;{}&#8221;][et_pb_row admin_label=&#8221;row&#8221; _builder_version=&#8221;4.16&#8243; background_size=&#8221;initial&#8221; background_position=&#8221;top_left&#8221; background_repeat=&#8221;repeat&#8221; global_colors_info=&#8221;{}&#8221;][et_pb_column type=&#8221;4_4&#8243; _builder_version=&#8221;4.16&#8243; custom_padding=&#8221;|||&#8221; global_colors_info=&#8221;{}&#8221; custom_padding__hover=&#8221;|||&#8221;][et_pb_text _builder_version=&#8221;4.16&#8243; background_size=&#8221;initial&#8221; background_position=&#8221;top_left&#8221; background_repeat=&#8221;repeat&#8221; border_style=&#8221;solid&#8221; global_colors_info=&#8221;{}&#8221;]<\/p>\n<h1>Cursos Profissionais<\/h1>\n<h3>10\u00ba, 11\u00ba e 12\u00ba<\/h3>\n<p>[\/et_pb_text][et_pb_image src=&#8221;https:\/\/iai.pt\/web\/wp-content\/uploads\/2024\/03\/CP-imagem-24-25.jpg&#8221; title_text=&#8221;CP-imagem-24-25&#8243; align_tablet=&#8221;center&#8221; align_phone=&#8221;&#8221; align_last_edited=&#8221;on|desktop&#8221; _builder_version=&#8221;4.23.4&#8243; animation_style=&#8221;fade&#8221; animation_duration=&#8221;500ms&#8221; global_colors_info=&#8221;{}&#8221;][\/et_pb_image][\/et_pb_column][\/et_pb_row][et_pb_row column_structure=&#8221;2_3,1_3&#8243; admin_label=&#8221;Linha&#8221; _builder_version=&#8221;4.16&#8243; background_size=&#8221;initial&#8221; background_position=&#8221;top_left&#8221; background_repeat=&#8221;repeat&#8221; global_colors_info=&#8221;{}&#8221;][et_pb_column type=&#8221;2_3&#8243; _builder_version=&#8221;4.16&#8243; custom_padding=&#8221;|||&#8221; global_colors_info=&#8221;{}&#8221; custom_padding__hover=&#8221;|||&#8221;][et_pb_image src=&#8221;https:\/\/iai.pt\/web\/wp-content\/uploads\/2024\/04\/footer2_novo.png&#8221; title_text=&#8221;footer2_novo&#8221; align_tablet=&#8221;center&#8221; align_phone=&#8221;&#8221; align_last_edited=&#8221;on|desktop&#8221; admin_label=&#8221;Imagem&#8221; _builder_version=&#8221;4.23.4&#8243; animation_style=&#8221;slide&#8221; animation_direction=&#8221;left&#8221; animation_duration=&#8221;500ms&#8221; animation_intensity_slide=&#8221;10%&#8221; border_style=&#8221;solid&#8221; sticky=&#8221;off&#8221; global_colors_info=&#8221;{}&#8221;][\/et_pb_image][\/et_pb_column][et_pb_column type=&#8221;1_3&#8243; _builder_version=&#8221;4.16&#8243; custom_padding=&#8221;|||&#8221; global_colors_info=&#8221;{}&#8221; custom_padding__hover=&#8221;|||&#8221;][et_pb_text admin_label=&#8221;Texto&#8221; _builder_version=&#8221;4.16&#8243; background_size=&#8221;initial&#8221; background_position=&#8221;top_left&#8221; background_repeat=&#8221;repeat&#8221; border_style=&#8221;solid&#8221; global_colors_info=&#8221;{}&#8221;]<\/p>\n<p>Estes cursos Profissionais s\u00e3o financiados por <strong>FSE PESSOAS 2030<\/strong><\/p>\n<p>&nbsp;<\/p>\n<p>[\/et_pb_text][\/et_pb_column][\/et_pb_row][et_pb_row column_structure=&#8221;3_4,1_4&#8243; admin_label=&#8221;row&#8221; _builder_version=&#8221;4.16&#8243; background_size=&#8221;initial&#8221; background_position=&#8221;top_left&#8221; background_repeat=&#8221;repeat&#8221; global_colors_info=&#8221;{}&#8221;][et_pb_column type=&#8221;3_4&#8243; _builder_version=&#8221;4.16&#8243; custom_padding=&#8221;|||&#8221; global_colors_info=&#8221;{}&#8221; custom_padding__hover=&#8221;|||&#8221;][et_pb_text _builder_version=&#8221;4.16&#8243; background_size=&#8221;initial&#8221; background_position=&#8221;top_left&#8221; background_repeat=&#8221;repeat&#8221; border_style=&#8221;solid&#8221; global_colors_info=&#8221;{}&#8221;]<\/p>\n<h3>Os Cursos Profissionais (CP) s\u00e3o um dos percursos do n\u00edvel secund\u00e1rio de educa\u00e7\u00e3o, caracterizado por uma forte liga\u00e7\u00e3o com o mundo profissional.<\/h3>\n<p>Tendo em conta o teu perfil pessoal, a aprendizagem realizada nestes cursos valoriza o desenvolvimento de compet\u00eancias para o exerc\u00edcio de uma profiss\u00e3o, em articula\u00e7\u00e3o com o setor empresarial local.<\/p>\n<h4>Para quem<\/h4>\n<p>Os CP podem ser indicados para ti se te encontras nas seguintes condi\u00e7\u00f5es:<br \/>\n&#8211; idade igual ou inferior a 20 anos \u00e0 data de in\u00edcio do ano letivo;<br \/>\n&#8211; habilita\u00e7\u00f5es escolares iguais ao 3.\u00ba ciclo ou frequ\u00eancia do ensino secund\u00e1rio;<br \/>\n&#8211; procuras um ensino mais pr\u00e1tico e voltado para o mundo do trabalho;<br \/>\n&#8211; n\u00e3o excluis a hip\u00f3tese de, mais tarde, prosseguires estudos de n\u00edvel superior.<\/p>\n<h4>Qual o objetivo<\/h4>\n<p>Os CP incentivam-te ao prosseguimento de estudos\/forma\u00e7\u00e3o e permitem que adquiras compet\u00eancias pessoais e profissionais para o exerc\u00edcio de uma profiss\u00e3o.<br \/>\nPrivilegiam a resposta a necessidades de trabalho locais e regionais e permitem que ao longo da forma\u00e7\u00e3o v\u00e1s tendo contacto com o mercado de trabalho.<br \/>\nPreparam-te para acederes a forma\u00e7\u00f5es p\u00f3s-secund\u00e1rias ou ao ensino superior, se for essa a tua vontade.<\/p>\n<h4>O que s\u00e3o<\/h4>\n<p>Os CP s\u00e3o percursos formativos organizados a partir de uma estrutura curricular organizada por m\u00f3dulos, o que permite maior flexibilidade e respeito pelos teus ritmos de aprendizagem..<br \/>\nIndependentemente da tipologia, todos os CP integram tr\u00eas componentes de forma\u00e7\u00e3o:<br \/>\n\u2013 Sociocultural;<br \/>\n\u2013 Cient\u00edfica;<br \/>\n\u2013 Tecnol\u00f3gica.<\/p>\n<h4>Qual a certifica\u00e7\u00e3o<\/h4>\n<p>Ap\u00f3s a conclus\u00e3o de um CP, com total aproveitamento, obt\u00e9ns uma certifica\u00e7\u00e3o escolar equivalente ao 12\u00baano e ainda um certificado de qualifica\u00e7\u00e3o profissional de n\u00edvel 4 do Quadro Nacional de Qualifica\u00e7\u00f5es (QNQ), em fun\u00e7\u00e3o do percurso efetuado.<\/p>\n<h4>Prosseguimento de estudos<\/h4>\n<p>A conclus\u00e3o de um curso Profissional permite:<br \/>\n&#8211; o ingresso no ensino superior, desde que realizes exames nacionais exigidos;<br \/>\n&#8211; o ingresso em ofertas de ensino p\u00f3s-secund\u00e1rio;<br \/>\n&#8211; o ingresso no mercado de trabalho.<br \/>\n[\/et_pb_text][\/et_pb_column][et_pb_column type=&#8221;1_4&#8243; _builder_version=&#8221;4.16&#8243; custom_padding=&#8221;|||&#8221; global_colors_info=&#8221;{}&#8221; custom_padding__hover=&#8221;|||&#8221;][et_pb_text _builder_version=&#8221;4.23.4&#8243; background_size=&#8221;initial&#8221; background_position=&#8221;top_left&#8221; background_repeat=&#8221;repeat&#8221; border_style=&#8221;solid&#8221; global_colors_info=&#8221;{}&#8221;]<\/p>\n<h4><img loading=\"lazy\" decoding=\"async\" src=\"https:\/\/iai.pt\/web\/wp-content\/uploads\/2024\/09\/Selo_OIE_2.png\" width=\"324\" height=\"312\" alt=\"\" class=\"wp-image-15806 alignnone size-full\" \/><\/h4>\n<p>[\/et_pb_text][\/et_pb_column][\/et_pb_row][\/et_pb_section][et_pb_section fb_built=&#8221;1&#8243; admin_label=&#8221;section&#8221; _builder_version=&#8221;4.16&#8243; background_color=&#8221;#f7f7f7&#8243; global_colors_info=&#8221;{}&#8221;][et_pb_row column_structure=&#8221;1_2,1_2&#8243; admin_label=&#8221;row&#8221; _builder_version=&#8221;4.16&#8243; background_size=&#8221;initial&#8221; background_position=&#8221;top_left&#8221; background_repeat=&#8221;repeat&#8221; global_colors_info=&#8221;{}&#8221;][et_pb_column type=&#8221;1_2&#8243; _builder_version=&#8221;4.16&#8243; custom_padding=&#8221;|||&#8221; global_colors_info=&#8221;{}&#8221; custom_padding__hover=&#8221;|||&#8221;][et_pb_cta title=&#8221;T\u00e9cnico\/a Design de Equipamento&#8221; button_url=&#8221;https:\/\/iai.pt\/web\/cp-tecnico-a-design-de-equipamento&#8221; button_text=&#8221;Plano Curricular&#8221; admin_label=&#8221;Chamada \u00e0 A\u00e7\u00e3o&#8221; _builder_version=&#8221;4.16&#8243; background_color=&#8221;#ed555a&#8221; background_size=&#8221;initial&#8221; background_position=&#8221;top_left&#8221; background_repeat=&#8221;repeat&#8221; text_orientation=&#8221;left&#8221; global_colors_info=&#8221;{}&#8221; button_text_size__hover_enabled=&#8221;off&#8221; button_one_text_size__hover_enabled=&#8221;off&#8221; button_two_text_size__hover_enabled=&#8221;off&#8221; button_text_color__hover_enabled=&#8221;off&#8221; button_one_text_color__hover_enabled=&#8221;off&#8221; button_two_text_color__hover_enabled=&#8221;off&#8221; button_border_width__hover_enabled=&#8221;off&#8221; button_one_border_width__hover_enabled=&#8221;off&#8221; button_two_border_width__hover_enabled=&#8221;off&#8221; button_border_color__hover_enabled=&#8221;off&#8221; button_one_border_color__hover_enabled=&#8221;off&#8221; button_two_border_color__hover_enabled=&#8221;off&#8221; button_border_radius__hover_enabled=&#8221;off&#8221; button_one_border_radius__hover_enabled=&#8221;off&#8221; button_two_border_radius__hover_enabled=&#8221;off&#8221; button_letter_spacing__hover_enabled=&#8221;off&#8221; button_one_letter_spacing__hover_enabled=&#8221;off&#8221; button_two_letter_spacing__hover_enabled=&#8221;off&#8221; button_bg_color__hover_enabled=&#8221;off&#8221; button_one_bg_color__hover_enabled=&#8221;off&#8221; button_two_bg_color__hover_enabled=&#8221;off&#8221;]T\u00e9cnico de n\u00edvel IV\u00a0 capaz de desenhar, projetar e executar\u00a0objetos, maquetes<strong>\u00a0<\/strong>e\u00a0prot\u00f3tipos, com recurso a\u00a0v\u00e1rios\u00a0materiais\u00a0e ferramentas respondendo \u00e0s necessidades do\u00a0cliente e das empresas do setor.<br \/>\n[\/et_pb_cta][\/et_pb_column][et_pb_column type=&#8221;1_2&#8243; _builder_version=&#8221;4.16&#8243; custom_padding=&#8221;|||&#8221; global_colors_info=&#8221;{}&#8221; custom_padding__hover=&#8221;|||&#8221;][et_pb_image src=&#8221;https:\/\/iai.pt\/web\/wp-content\/uploads\/2018\/05\/cpDesignEquipamento.jpg&#8221; align_tablet=&#8221;center&#8221; align_phone=&#8221;&#8221; align_last_edited=&#8221;on|desktop&#8221; _builder_version=&#8221;4.16&#8243; animation_style=&#8221;slide&#8221; animation_direction=&#8221;left&#8221; animation_duration=&#8221;500ms&#8221; animation_intensity_slide=&#8221;10%&#8221; global_colors_info=&#8221;{}&#8221;][\/et_pb_image][\/et_pb_column][\/et_pb_row][et_pb_row column_structure=&#8221;1_2,1_2&#8243; _builder_version=&#8221;4.16&#8243; _module_preset=&#8221;default&#8221; global_colors_info=&#8221;{}&#8221;][et_pb_column type=&#8221;1_2&#8243; _builder_version=&#8221;4.16&#8243; _module_preset=&#8221;default&#8221; global_colors_info=&#8221;{}&#8221;][et_pb_image src=&#8221;https:\/\/iai.pt\/web\/wp-content\/uploads\/2022\/02\/cpComunicacao2.png&#8221; title_text=&#8221;cpComunicacao2&#8243; align_tablet=&#8221;center&#8221; align_phone=&#8221;&#8221; align_last_edited=&#8221;on|desktop&#8221; _builder_version=&#8221;4.16&#8243; animation_style=&#8221;slide&#8221; animation_direction=&#8221;left&#8221; animation_duration=&#8221;500ms&#8221; animation_intensity_slide=&#8221;10%&#8221; global_colors_info=&#8221;{}&#8221;][\/et_pb_image][\/et_pb_column][et_pb_column type=&#8221;1_2&#8243; _builder_version=&#8221;4.16&#8243; _module_preset=&#8221;default&#8221; global_colors_info=&#8221;{}&#8221;][et_pb_cta title=&#8221;T\u00e9cnico\/a de Comunica\u00e7\u00e3o e de Servi\u00e7o Digital&#8221; button_url=&#8221;https:\/\/iai.pt\/web\/cp-tecnico-a-de-comunicacao-e-de-servico-digital&#8221; button_text=&#8221;Plano Curricular&#8221; admin_label=&#8221;Chamada \u00e0 A\u00e7\u00e3o&#8221; _builder_version=&#8221;4.16&#8243; background_color=&#8221;#ed555a&#8221; background_size=&#8221;initial&#8221; background_position=&#8221;top_left&#8221; background_repeat=&#8221;repeat&#8221; text_orientation=&#8221;left&#8221; global_colors_info=&#8221;{}&#8221; button_text_size__hover_enabled=&#8221;off&#8221; button_one_text_size__hover_enabled=&#8221;off&#8221; button_two_text_size__hover_enabled=&#8221;off&#8221; button_text_color__hover_enabled=&#8221;off&#8221; button_one_text_color__hover_enabled=&#8221;off&#8221; button_two_text_color__hover_enabled=&#8221;off&#8221; button_border_width__hover_enabled=&#8221;off&#8221; button_one_border_width__hover_enabled=&#8221;off&#8221; button_two_border_width__hover_enabled=&#8221;off&#8221; button_border_color__hover_enabled=&#8221;off&#8221; button_one_border_color__hover_enabled=&#8221;off&#8221; button_two_border_color__hover_enabled=&#8221;off&#8221; button_border_radius__hover_enabled=&#8221;off&#8221; button_one_border_radius__hover_enabled=&#8221;off&#8221; button_two_border_radius__hover_enabled=&#8221;off&#8221; button_letter_spacing__hover_enabled=&#8221;off&#8221; button_one_letter_spacing__hover_enabled=&#8221;off&#8221; button_two_letter_spacing__hover_enabled=&#8221;off&#8221; button_bg_color__hover_enabled=&#8221;off&#8221; button_one_bg_color__hover_enabled=&#8221;off&#8221; button_two_bg_color__hover_enabled=&#8221;off&#8221;]<\/p>\n<p><span style=\"font-weight: 400;\">T\u00e9cnico de n\u00edvel IV capaz de desenvolver a comunica\u00e7\u00e3o comercial e o servi\u00e7o ao cliente, em qualquer empresa, atrav\u00e9s de meios digitais <\/span><i><span style=\"font-weight: 400;\">online<\/span><\/i><span style=\"font-weight: 400;\"> e <\/span><i><span style=\"font-weight: 400;\">offline<\/span><\/i><span style=\"font-weight: 400;\"> designadamente: cria\u00e7\u00e3o, edi\u00e7\u00e3o e gest\u00e3o de redes sociais, websites, lojas online, entre outras.\u00a0<\/span><\/p>\n<p>[\/et_pb_cta][\/et_pb_column][\/et_pb_row][et_pb_row column_structure=&#8221;1_2,1_2&#8243; admin_label=&#8221;row&#8221; _builder_version=&#8221;4.16&#8243; background_size=&#8221;initial&#8221; background_position=&#8221;top_left&#8221; background_repeat=&#8221;repeat&#8221; global_colors_info=&#8221;{}&#8221;][et_pb_column type=&#8221;1_2&#8243; _builder_version=&#8221;4.16&#8243; custom_padding=&#8221;|||&#8221; global_colors_info=&#8221;{}&#8221; custom_padding__hover=&#8221;|||&#8221;][et_pb_cta title=&#8221;T\u00e9cnico\/a Design de Comunica\u00e7\u00e3o Gr\u00e1fica&#8221; button_url=&#8221;https:\/\/iai.pt\/web\/cp-tecnico-a-de-comunicacao-grafica-plano-curricular&#8221; url_new_window=&#8221;on&#8221; button_text=&#8221;Plano Curricular&#8221; admin_label=&#8221;Chamada \u00e0 A\u00e7\u00e3o&#8221; _builder_version=&#8221;4.23.4&#8243; background_color=&#8221;#ed555a&#8221; background_size=&#8221;initial&#8221; background_position=&#8221;top_left&#8221; background_repeat=&#8221;repeat&#8221; text_orientation=&#8221;left&#8221; global_colors_info=&#8221;{}&#8221; button_text_size__hover_enabled=&#8221;off&#8221; button_one_text_size__hover_enabled=&#8221;off&#8221; button_two_text_size__hover_enabled=&#8221;off&#8221; button_text_color__hover_enabled=&#8221;off&#8221; button_one_text_color__hover_enabled=&#8221;off&#8221; button_two_text_color__hover_enabled=&#8221;off&#8221; button_border_width__hover_enabled=&#8221;off&#8221; button_one_border_width__hover_enabled=&#8221;off&#8221; button_two_border_width__hover_enabled=&#8221;off&#8221; button_border_color__hover_enabled=&#8221;off&#8221; button_one_border_color__hover_enabled=&#8221;off&#8221; button_two_border_color__hover_enabled=&#8221;off&#8221; button_border_radius__hover_enabled=&#8221;off&#8221; button_one_border_radius__hover_enabled=&#8221;off&#8221; button_two_border_radius__hover_enabled=&#8221;off&#8221; button_letter_spacing__hover_enabled=&#8221;off&#8221; button_one_letter_spacing__hover_enabled=&#8221;off&#8221; button_two_letter_spacing__hover_enabled=&#8221;off&#8221; button_bg_color__hover_enabled=&#8221;off&#8221; button_one_bg_color__hover_enabled=&#8221;off&#8221; button_two_bg_color__hover_enabled=&#8221;off&#8221;]<\/p>\n<p><span style=\"font-weight: 400;\">T\u00e9cnico de n\u00edvel IV capaz de desenvolver a comunica\u00e7\u00e3o gr\u00e1fica e identidade visual do cliente, em qualquer empresa, atrav\u00e9s de meios digitais <\/span><i><span style=\"font-weight: 400;\">online<\/span><\/i><span style=\"font-weight: 400;\"> e <\/span><i><span style=\"font-weight: 400;\">offline<\/span><\/i><span style=\"font-weight: 400;\"> designadamente: cria\u00e7\u00e3o, edi\u00e7\u00e3o para meios promocionais, nomeadamente, redes sociais, websites, lojas online, outdoors, merchandising, entre outras.\u00a0<\/span><\/p>\n<p>[\/et_pb_cta][\/et_pb_column][et_pb_column type=&#8221;1_2&#8243; _builder_version=&#8221;4.16&#8243; custom_padding=&#8221;|||&#8221; global_colors_info=&#8221;{}&#8221; custom_padding__hover=&#8221;|||&#8221;][et_pb_image src=&#8221;https:\/\/iai.pt\/web\/wp-content\/uploads\/2024\/03\/com-graf-raw.png&#8221; title_text=&#8221;com-graf-raw&#8221; align_tablet=&#8221;center&#8221; align_phone=&#8221;&#8221; align_last_edited=&#8221;on|desktop&#8221; _builder_version=&#8221;4.23.4&#8243; animation_style=&#8221;slide&#8221; animation_direction=&#8221;left&#8221; animation_duration=&#8221;500ms&#8221; animation_intensity_slide=&#8221;10%&#8221; global_colors_info=&#8221;{}&#8221;][\/et_pb_image][\/et_pb_column][\/et_pb_row][\/et_pb_section][et_pb_section fb_built=&#8221;1&#8243; admin_label=&#8221;Se\u00e7\u00e3o&#8221; _builder_version=&#8221;4.16&#8243; background_image=&#8221;https:\/\/iai.pt\/web\/wp-content\/uploads\/2017\/06\/back_1920_vermelho.jpg&#8221; parallax=&#8221;on&#8221; global_colors_info=&#8221;{}&#8221;][et_pb_row admin_label=&#8221;Linha&#8221; _builder_version=&#8221;4.16&#8243; background_size=&#8221;initial&#8221; background_position=&#8221;top_left&#8221; background_repeat=&#8221;repeat&#8221; global_colors_info=&#8221;{}&#8221;][et_pb_column type=&#8221;4_4&#8243; _builder_version=&#8221;4.16&#8243; custom_padding=&#8221;|||&#8221; global_colors_info=&#8221;{}&#8221; custom_padding__hover=&#8221;|||&#8221;][et_pb_cta title=&#8221;Est\u00e1s interessado?&#8221; button_url=&#8221;https:\/\/iai.pt\/web\/candidatura&#8221; button_text=&#8221;Candidatura&#8221; admin_label=&#8221;Chamada \u00e0 A\u00e7\u00e3o&#8221; _builder_version=&#8221;4.16&#8243; use_background_color=&#8221;off&#8221; border_style=&#8221;solid&#8221; button_letter_spacing_hover=&#8221;0&#8243; global_colors_info=&#8221;{}&#8221; button_text_size__hover_enabled=&#8221;off&#8221; button_one_text_size__hover_enabled=&#8221;off&#8221; button_two_text_size__hover_enabled=&#8221;off&#8221; button_text_color__hover_enabled=&#8221;off&#8221; button_one_text_color__hover_enabled=&#8221;off&#8221; button_two_text_color__hover_enabled=&#8221;off&#8221; button_border_width__hover_enabled=&#8221;off&#8221; button_one_border_width__hover_enabled=&#8221;off&#8221; button_two_border_width__hover_enabled=&#8221;off&#8221; button_border_color__hover_enabled=&#8221;off&#8221; button_one_border_color__hover_enabled=&#8221;off&#8221; button_two_border_color__hover_enabled=&#8221;off&#8221; button_border_radius__hover_enabled=&#8221;off&#8221; button_one_border_radius__hover_enabled=&#8221;off&#8221; button_two_border_radius__hover_enabled=&#8221;off&#8221; button_letter_spacing__hover_enabled=&#8221;on&#8221; button_letter_spacing__hover=&#8221;0&#8243; button_one_letter_spacing__hover_enabled=&#8221;off&#8221; button_two_letter_spacing__hover_enabled=&#8221;off&#8221; button_bg_color__hover_enabled=&#8221;off&#8221; button_one_bg_color__hover_enabled=&#8221;off&#8221; button_two_bg_color__hover_enabled=&#8221;off&#8221;][\/et_pb_cta][\/et_pb_column][\/et_pb_row][\/et_pb_section][et_pb_section fb_built=&#8221;1&#8243; theme_builder_area=&#8221;post_content&#8221; _builder_version=&#8221;4.27.4&#8243; _module_preset=&#8221;default&#8221; custom_padding=&#8221;0px||0px|||&#8221; sticky_position=&#8221;bottom&#8221; hover_enabled=&#8221;0&#8243; sticky_enabled=&#8221;0&#8243;][et_pb_row _builder_version=&#8221;4.27.4&#8243; _module_preset=&#8221;default&#8221; theme_builder_area=&#8221;post_content&#8221; custom_padding=&#8221;1px||1px|||&#8221;][et_pb_column _builder_version=&#8221;4.27.4&#8243; _module_preset=&#8221;default&#8221; type=&#8221;4_4&#8243; theme_builder_area=&#8221;post_content&#8221;][et_pb_image src=&#8221;http:\/\/iai.pt\/web\/wp-content\/uploads\/2025\/07\/conjunto_novo-com_repub-pt.png&#8221; _builder_version=&#8221;4.27.4&#8243; _module_preset=&#8221;default&#8221; theme_builder_area=&#8221;post_content&#8221; title_text=&#8221;conjunto_novo-com_repub-pt&#8221; module_alignment=&#8221;right&#8221; width=&#8221;50%&#8221;][\/et_pb_image][\/et_pb_column][\/et_pb_row][\/et_pb_section]<\/p>\n","protected":false},"excerpt":{"rendered":"<p>Cursos Profissionais 10\u00ba, 11\u00ba e 12\u00ba Estes cursos Profissionais s\u00e3o financiados por FSE PESSOAS 2030 &nbsp;Os Cursos Profissionais (CP) s\u00e3o um dos percursos do n\u00edvel secund\u00e1rio de educa\u00e7\u00e3o, caracterizado por uma forte liga\u00e7\u00e3o com o mundo profissional. Tendo em conta o teu perfil pessoal, a aprendizagem realizada nestes cursos valoriza o desenvolvimento de compet\u00eancias para [&hellip;]<\/p>\n","protected":false},"author":1,"featured_media":0,"parent":0,"menu_order":0,"comment_status":"closed","ping_status":"closed","template":"","meta":{"_et_pb_use_builder":"on","_et_pb_old_content":"","_et_gb_content_width":"","footnotes":""},"class_list":["post-8558","page","type-page","status-publish","hentry"],"aioseo_notices":[],"_links":{"self":[{"href":"https:\/\/iai.pt\/web\/wp-json\/wp\/v2\/pages\/8558","targetHints":{"allow":["GET"]}}],"collection":[{"href":"https:\/\/iai.pt\/web\/wp-json\/wp\/v2\/pages"}],"about":[{"href":"https:\/\/iai.pt\/web\/wp-json\/wp\/v2\/types\/page"}],"author":[{"embeddable":true,"href":"https:\/\/iai.pt\/web\/wp-json\/wp\/v2\/users\/1"}],"replies":[{"embeddable":true,"href":"https:\/\/iai.pt\/web\/wp-json\/wp\/v2\/comments?post=8558"}],"version-history":[{"count":2,"href":"https:\/\/iai.pt\/web\/wp-json\/wp\/v2\/pages\/8558\/revisions"}],"predecessor-version":[{"id":16843,"href":"https:\/\/iai.pt\/web\/wp-json\/wp\/v2\/pages\/8558\/revisions\/16843"}],"wp:attachment":[{"href":"https:\/\/iai.pt\/web\/wp-json\/wp\/v2\/media?parent=8558"}],"curies":[{"name":"wp","href":"https:\/\/api.w.org\/{rel}","templated":true}]}}