{"id":8574,"date":"2017-06-14T15:14:52","date_gmt":"2017-06-14T14:14:52","guid":{"rendered":"http:\/\/iai.pt\/web\/?page_id=8574"},"modified":"2023-06-21T11:10:52","modified_gmt":"2023-06-21T10:10:52","slug":"cef-pintora-decoradora","status":"publish","type":"page","link":"https:\/\/iai.pt\/web\/cef-pintora-decoradora","title":{"rendered":"CEF-Pintor\/a Decorador\/a &#8211; Plano Curricular"},"content":{"rendered":"<p>[et_pb_section bb_built=&#8221;1&#8243; admin_label=&#8221;section&#8221; background_color=&#8221;#3a3a3a&#8221; parallax=&#8221;on&#8221; padding_mobile=&#8221;off&#8221; width_unit=&#8221;off&#8221; fullwidth=&#8221;off&#8221; specialty=&#8221;off&#8221; disabled=&#8221;off&#8221; background_image=&#8221;http:\/\/iai.pt\/web\/wp-content\/uploads\/2017\/06\/header_cef_pintordecorador_1350x550.jpg&#8221; _builder_version=&#8221;3.0.51&#8243;][et_pb_row admin_label=&#8221;row&#8221; make_fullwidth=&#8221;off&#8221; use_custom_width=&#8221;off&#8221; width_unit=&#8221;off&#8221; custom_width_px=&#8221;1080px&#8221; custom_width_percent=&#8221;80%&#8221; use_custom_gutter=&#8221;off&#8221; gutter_width=&#8221;3&#8243; padding_mobile=&#8221;off&#8221; allow_player_pause=&#8221;off&#8221; parallax=&#8221;off&#8221; parallax_method=&#8221;on&#8221; make_equal=&#8221;off&#8221; column_padding_mobile=&#8221;on&#8221; parallax_1=&#8221;off&#8221; parallax_method_1=&#8221;on&#8221; parallax_2=&#8221;off&#8221; parallax_method_2=&#8221;on&#8221; parallax_3=&#8221;off&#8221; parallax_method_3=&#8221;on&#8221; parallax_4=&#8221;off&#8221; parallax_method_4=&#8221;on&#8221; disabled=&#8221;off&#8221; background_position=&#8221;top_left&#8221; background_repeat=&#8221;repeat&#8221; background_size=&#8221;initial&#8221; _builder_version=&#8221;3.0.51&#8243;][et_pb_column type=&#8221;4_4&#8243;][et_pb_image admin_label=&#8221;Imagem&#8221; show_in_lightbox=&#8221;off&#8221; url_new_window=&#8221;off&#8221; use_overlay=&#8221;off&#8221; sticky=&#8221;off&#8221; align=&#8221;left&#8221; force_fullwidth=&#8221;off&#8221; always_center_on_mobile=&#8221;on&#8221; border_style=&#8221;solid&#8221; _builder_version=&#8221;3.0.51&#8243; src=&#8221;http:\/\/iai.pt\/web\/wp-content\/uploads\/2016\/12\/blank_360x270.png&#8221; \/][\/et_pb_column][\/et_pb_row][et_pb_row admin_label=&#8221;row&#8221; make_fullwidth=&#8221;off&#8221; use_custom_width=&#8221;off&#8221; width_unit=&#8221;off&#8221; custom_width_px=&#8221;1080px&#8221; custom_width_percent=&#8221;80%&#8221; use_custom_gutter=&#8221;off&#8221; gutter_width=&#8221;3&#8243; padding_mobile=&#8221;off&#8221; allow_player_pause=&#8221;off&#8221; parallax=&#8221;off&#8221; parallax_method=&#8221;on&#8221; make_equal=&#8221;off&#8221; column_padding_mobile=&#8221;on&#8221; parallax_1=&#8221;off&#8221; parallax_method_1=&#8221;on&#8221; parallax_2=&#8221;off&#8221; parallax_method_2=&#8221;on&#8221; parallax_3=&#8221;off&#8221; parallax_method_3=&#8221;on&#8221; parallax_4=&#8221;off&#8221; parallax_method_4=&#8221;on&#8221; disabled=&#8221;off&#8221; background_position=&#8221;top_left&#8221; background_repeat=&#8221;repeat&#8221; background_size=&#8221;initial&#8221;][et_pb_column type=&#8221;4_4&#8243;][et_pb_text admin_label=&#8221;Text&#8221; background_layout=&#8221;light&#8221; text_orientation=&#8221;center&#8221; border_style=&#8221;solid&#8221; disabled=&#8221;off&#8221; background_position=&#8221;top_left&#8221; background_repeat=&#8221;repeat&#8221; background_size=&#8221;initial&#8221; _builder_version=&#8221;3.0.51&#8243; text_font_size=&#8221;60&#8243; text_font_size_tablet=&#8221;50&#8243; text_font_size_phone=&#8221;40&#8243; text_font_size_last_edited=&#8221;on|desktop&#8221;]<\/p>\n<p>Pintor\/a Decorador\/a<\/p>\n<p>[\/et_pb_text][\/et_pb_column][\/et_pb_row][\/et_pb_section][et_pb_section bb_built=&#8221;1&#8243; admin_label=&#8221;Se\u00e7\u00e3o&#8221; fullwidth=&#8221;off&#8221; specialty=&#8221;off&#8221;][et_pb_row admin_label=&#8221;Linha&#8221; background_position=&#8221;top_left&#8221; background_repeat=&#8221;repeat&#8221; background_size=&#8221;initial&#8221;][et_pb_column type=&#8221;4_4&#8243;][et_pb_testimonial admin_label=&#8221;Depoimento&#8221; url_new_window=&#8221;off&#8221; quote_icon=&#8221;on&#8221; use_background_color=&#8221;on&#8221; background_layout=&#8221;light&#8221; text_orientation=&#8221;center&#8221; border_style=&#8221;solid&#8221; background_position=&#8221;top_left&#8221; background_repeat=&#8221;repeat&#8221; background_size=&#8221;initial&#8221; _builder_version=&#8221;3.0.51&#8243; quote_icon_background_color=&#8221;#f5f5f5&#8243;]<\/p>\n<p>Preparar\u00a0e\u00a0organizar\u00a0o\u00a0trabalho\u00a0que\u00a0lhe\u00a0\u00e9\u00a0atribu\u00eddo\u00a0a\u00a0fim\u00a0de\u00a0efetuar\u00a0a\u00a0pintura\u00a0e\u00a0a\u00a0decora\u00e7\u00e3o\u00a0dos\u00a0produtos\u00a0cer\u00e2micos.<\/p>\n<p>[\/et_pb_testimonial][\/et_pb_column][\/et_pb_row][\/et_pb_section][et_pb_section bb_built=&#8221;1&#8243; admin_label=&#8221;Se\u00e7\u00e3o&#8221; fullwidth=&#8221;off&#8221; specialty=&#8221;off&#8221;][et_pb_row admin_label=&#8221;Linha&#8221; background_position=&#8221;top_left&#8221; background_repeat=&#8221;repeat&#8221; background_size=&#8221;initial&#8221;][et_pb_column type=&#8221;4_4&#8243;][et_pb_text admin_label=&#8221;Texto&#8221; background_layout=&#8221;light&#8221; text_orientation=&#8221;left&#8221; border_style=&#8221;solid&#8221; background_position=&#8221;top_left&#8221; background_repeat=&#8221;repeat&#8221; background_size=&#8221;initial&#8221; _builder_version=&#8221;3.0.51&#8243;]<\/p>\n<h3>Plano Curricular<\/h3>\n<table border=\"1\" width=\"100%\" cellspacing=\"0\" cellpadding=\"0\">\n<tbody>\n<tr>\n<td colspan=\"3\">\n<h5 style=\"text-align: center;\">Disciplinas<\/h5>\n<\/td>\n<td>\n<h5 style=\"text-align: center;\">1\u00ba ano<\/h5>\n<\/td>\n<\/tr>\n<tr>\n<td rowspan=\"7\">\n<h5>Sociocultural<\/h5>\n<\/td>\n<td rowspan=\"7\"><\/td>\n<td>Portugu\u00eas<\/td>\n<td style=\"text-align: center;\">45<\/td>\n<\/tr>\n<tr>\n<td>L\u00edngua Estrangeira (Ingl\u00eas)<\/td>\n<td style=\"text-align: center;\">45<\/td>\n<\/tr>\n<tr>\n<td>Cidadania e Mundo Atual<\/td>\n<td style=\"text-align: center;\">21<\/td>\n<\/tr>\n<tr>\n<td>Tecnologias da Informa\u00e7\u00e3o e Comunica\u00e7\u00e3o<\/td>\n<td style=\"text-align: center;\">21<\/td>\n<\/tr>\n<tr>\n<td>Educa\u00e7\u00e3o F\u00edsica<\/td>\n<td style=\"text-align: center;\">30<\/td>\n<\/tr>\n<tr>\n<td>Higiene, Sa\u00fade e Seguran\u00e7a no Trabalho<\/td>\n<td style=\"text-align: center;\">30<\/td>\n<\/tr>\n<tr>\n<td align=\"right\"><strong>Sub-Total<\/strong><\/td>\n<td style=\"text-align: center;\"><strong>192<\/strong><\/td>\n<\/tr>\n<tr>\n<td rowspan=\"3\">\n<h5>Cient\u00edfica<\/h5>\n<\/td>\n<td rowspan=\"3\"><\/td>\n<td>Matem\u00e1tica Aplicada<\/td>\n<td style=\"text-align: center;\">45<\/td>\n<\/tr>\n<tr>\n<td>Artes Visuais<\/td>\n<td style=\"text-align: center;\">21<\/td>\n<\/tr>\n<tr>\n<td align=\"right\"><strong>Sub-Total<\/strong><\/td>\n<td style=\"text-align: center;\"><strong>66<\/strong><\/td>\n<\/tr>\n<tr>\n<td rowspan=\"24\">\n<h5>Tecnol\u00f3gica<\/h5>\n<\/td>\n<td rowspan=\"24\"><\/td>\n<td><strong>UFCD pr\u00e9-definidas Referencial<\/strong><\/td>\n<td style=\"text-align: center;\"><\/td>\n<\/tr>\n<tr>\n<td>2413 &#8211; Inicia\u00e7\u00e3o ao processo cer\u00e2mico<\/td>\n<td style=\"text-align: center;\">50<\/td>\n<\/tr>\n<tr>\n<td>2414 &#8211; Hist\u00f3ria da Cer\u00e2mica<\/td>\n<td style=\"text-align: center;\">50<\/td>\n<\/tr>\n<tr>\n<td>2415 &#8211; Prepara\u00e7\u00e3o de mat\u00e9rias e superf\u00edcies de aplica\u00e7\u00e3o<\/td>\n<td style=\"text-align: center;\">25<\/td>\n<\/tr>\n<tr>\n<td>2416 &#8211; Desenho \u2013 tra\u00e7ados geom\u00e9tricos e constru\u00e7\u00e3o de malhas<\/td>\n<td style=\"text-align: center;\">50<\/td>\n<\/tr>\n<tr>\n<td>2417 &#8211; Teoria da cor e perspetiva<\/td>\n<td style=\"text-align: center;\">25<\/td>\n<\/tr>\n<tr>\n<td>2418 &#8211; Reprodu\u00e7\u00e3o de imagens<\/td>\n<td style=\"text-align: center;\">50<\/td>\n<\/tr>\n<tr>\n<td>2419 &#8211; Vidra\u00e7\u00e3o por imers\u00e3o e pulveriza\u00e7\u00e3o<\/td>\n<td style=\"text-align: center;\">50<\/td>\n<\/tr>\n<tr>\n<td>3838 &#8211; Tecnologia da decora\u00e7\u00e3o cer\u00e2mica \u2013 tintas de \u00e1gua e materiais de baixo fogo<\/td>\n<td style=\"text-align: center;\">50<\/td>\n<\/tr>\n<tr>\n<td>2421 &#8211; Inicia\u00e7\u00e3o \u00e0s cores a \u00e1gua<\/td>\n<td style=\"text-align: center;\">50<\/td>\n<\/tr>\n<tr>\n<td>2422 &#8211; Filetes e trajas \u2013 cores a \u00e1gua<\/td>\n<td style=\"text-align: center;\">25<\/td>\n<\/tr>\n<tr>\n<td>2423 &#8211; Decora\u00e7\u00e3o a pincel \u2013 cores a \u00e1gua<\/td>\n<td style=\"text-align: center;\">50<\/td>\n<\/tr>\n<tr>\n<td>2424 &#8211; Decora\u00e7\u00e3o com carimbo e esponja \u2013 cores a \u00e1gua<\/td>\n<td style=\"text-align: center;\">25<\/td>\n<\/tr>\n<tr>\n<td>2425 &#8211; Decora\u00e7\u00e3o com l\u00e1pis cer\u00e2mico e pulveriza\u00e7\u00e3o \u2013 cores a \u00e1gua<\/td>\n<td style=\"text-align: center;\">25<\/td>\n<\/tr>\n<tr>\n<td>2426 &#8211; T\u00e9cnicas de isolamento<\/td>\n<td style=\"text-align: center;\">25<\/td>\n<\/tr>\n<tr>\n<td>2427 &#8211; Sistemas especiais de decora\u00e7\u00e3o<\/td>\n<td style=\"text-align: center;\">50<\/td>\n<\/tr>\n<tr>\n<td>2428 &#8211; Inicia\u00e7\u00e3o \u00e0 decora\u00e7\u00e3o com tintas de baixo fogo<\/td>\n<td style=\"text-align: center;\">50<\/td>\n<\/tr>\n<tr>\n<td>2429 &#8211; T\u00e9cnicas de apoio \u00e0 c\u00f3pia e reprodu\u00e7\u00e3o de motivos \u2013 desenho \u00e0 vista<\/td>\n<td style=\"text-align: center;\">50<\/td>\n<\/tr>\n<tr>\n<td>2430 &#8211; Filetes e tarjas \u2013 baixo fogo<\/td>\n<td style=\"text-align: center;\">25<\/td>\n<\/tr>\n<tr>\n<td>2431 &#8211; Decora\u00e7\u00e3o a pincel \u2013 baixo fogo<\/td>\n<td style=\"text-align: center;\">50<\/td>\n<\/tr>\n<tr>\n<td>2432 &#8211; Decora\u00e7\u00e3o com esponja e carimbo \u2013 baixo fogo<\/td>\n<td style=\"text-align: center;\">25<\/td>\n<\/tr>\n<tr>\n<td>2433 &#8211; Decora\u00e7\u00e3o com lustrinas<\/td>\n<td style=\"text-align: center;\">25<\/td>\n<\/tr>\n<tr>\n<td colspan=\"2\"><\/td>\n<\/tr>\n<tr>\n<td align=\"right\"><strong>Sub-Total<\/strong><\/td>\n<td style=\"text-align: center;\"><strong>825<\/strong><\/td>\n<\/tr>\n<tr>\n<td rowspan=\"1\">\n<h5>Pr\u00e1tica<\/h5>\n<\/td>\n<td rowspan=\"1\"><\/td>\n<td>Forma\u00e7\u00e3o em Contexto de Trabalho<\/td>\n<td style=\"text-align: center;\">210<\/td>\n<\/tr>\n<tr>\n<td rowspan=\"1\"><\/td>\n<td rowspan=\"1\"><\/td>\n<td align=\"right\" bgcolor=\"#EDEDED\"><strong>Total de Horas Ano\/Curso<\/strong><\/td>\n<td style=\"text-align: center;\" bgcolor=\"#EDEDED\"><strong>1293<\/strong><\/td>\n<\/tr>\n<\/tbody>\n<\/table>\n<p>[\/et_pb_text][\/et_pb_column][\/et_pb_row][\/et_pb_section][et_pb_section bb_built=&#8221;1&#8243; admin_label=&#8221;section&#8221; background_color=&#8221;#19a03d&#8221; padding_mobile=&#8221;off&#8221; width_unit=&#8221;off&#8221; fullwidth=&#8221;off&#8221; specialty=&#8221;off&#8221; disabled=&#8221;off&#8221; _builder_version=&#8221;3.0.51&#8243; background_image=&#8221;http:\/\/iai.pt\/web\/wp-content\/uploads\/2017\/05\/back_1920_verde.jpg&#8221; parallax=&#8221;on&#8221;][et_pb_row admin_label=&#8221;row&#8221; width_unit=&#8221;off&#8221; padding_mobile=&#8221;off&#8221; column_padding_mobile=&#8221;on&#8221; parallax_2=&#8221;off&#8221; parallax_method_2=&#8221;on&#8221; parallax_3=&#8221;off&#8221; parallax_method_3=&#8221;on&#8221; parallax_4=&#8221;off&#8221; parallax_method_4=&#8221;on&#8221; disabled=&#8221;off&#8221; background_position=&#8221;top_left&#8221; background_repeat=&#8221;repeat&#8221; background_size=&#8221;initial&#8221; _builder_version=&#8221;3.0.51&#8243; background_position_1=&#8221;top_left&#8221; background_repeat_1=&#8221;no-repeat&#8221;][et_pb_column type=&#8221;4_4&#8243;][et_pb_cta admin_label=&#8221;Call To Action&#8221; title=&#8221;Interessado?&#8221; button_url=&#8221;http:\/\/iai.pt\/web\/candidatura&#8221; url_new_window=&#8221;off&#8221; button_text=&#8221;Candidatura&#8221; use_background_color=&#8221;off&#8221; background_color=&#8221;#19a03d&#8221; background_layout=&#8221;dark&#8221; border_style=&#8221;solid&#8221; custom_button=&#8221;off&#8221; button_use_icon=&#8221;on&#8221; button_icon_placement=&#8221;right&#8221; button_letter_spacing_hover=&#8221;0&#8243; disabled=&#8221;off&#8221; button_letter_spacing=&#8221;0&#8243; background_position=&#8221;top_left&#8221; background_repeat=&#8221;repeat&#8221; background_size=&#8221;initial&#8221; _builder_version=&#8221;3.0.51&#8243; \/][\/et_pb_column][\/et_pb_row][\/et_pb_section]<\/p>\n","protected":false},"excerpt":{"rendered":"<p>Pintor\/a Decorador\/a Preparar\u00a0e\u00a0organizar\u00a0o\u00a0trabalho\u00a0que\u00a0lhe\u00a0\u00e9\u00a0atribu\u00eddo\u00a0a\u00a0fim\u00a0de\u00a0efetuar\u00a0a\u00a0pintura\u00a0e\u00a0a\u00a0decora\u00e7\u00e3o\u00a0dos\u00a0produtos\u00a0cer\u00e2micos. Plano Curricular Disciplinas 1\u00ba ano Sociocultural Portugu\u00eas 45 L\u00edngua Estrangeira (Ingl\u00eas) 45 Cidadania e Mundo Atual 21 Tecnologias da Informa\u00e7\u00e3o e Comunica\u00e7\u00e3o 21 Educa\u00e7\u00e3o F\u00edsica 30 Higiene, Sa\u00fade e Seguran\u00e7a no Trabalho 30 Sub-Total 192 Cient\u00edfica Matem\u00e1tica Aplicada 45 Artes Visuais 21 Sub-Total 66 Tecnol\u00f3gica UFCD pr\u00e9-definidas Referencial 2413 &#8211; Inicia\u00e7\u00e3o ao [&hellip;]<\/p>\n","protected":false},"author":1,"featured_media":8601,"parent":0,"menu_order":0,"comment_status":"closed","ping_status":"closed","template":"","meta":{"_et_pb_use_builder":"on","_et_pb_old_content":"","_et_gb_content_width":"","footnotes":""},"class_list":["post-8574","page","type-page","status-publish","has-post-thumbnail","hentry"],"aioseo_notices":[],"_links":{"self":[{"href":"https:\/\/iai.pt\/web\/wp-json\/wp\/v2\/pages\/8574","targetHints":{"allow":["GET"]}}],"collection":[{"href":"https:\/\/iai.pt\/web\/wp-json\/wp\/v2\/pages"}],"about":[{"href":"https:\/\/iai.pt\/web\/wp-json\/wp\/v2\/types\/page"}],"author":[{"embeddable":true,"href":"https:\/\/iai.pt\/web\/wp-json\/wp\/v2\/users\/1"}],"replies":[{"embeddable":true,"href":"https:\/\/iai.pt\/web\/wp-json\/wp\/v2\/comments?post=8574"}],"version-history":[{"count":1,"href":"https:\/\/iai.pt\/web\/wp-json\/wp\/v2\/pages\/8574\/revisions"}],"predecessor-version":[{"id":8578,"href":"https:\/\/iai.pt\/web\/wp-json\/wp\/v2\/pages\/8574\/revisions\/8578"}],"wp:featuredmedia":[{"embeddable":true,"href":"https:\/\/iai.pt\/web\/wp-json\/wp\/v2\/media\/8601"}],"wp:attachment":[{"href":"https:\/\/iai.pt\/web\/wp-json\/wp\/v2\/media?parent=8574"}],"curies":[{"name":"wp","href":"https:\/\/api.w.org\/{rel}","templated":true}]}}