{"id":8595,"date":"2017-06-20T12:32:47","date_gmt":"2017-06-20T11:32:47","guid":{"rendered":"http:\/\/iai.pt\/web\/?page_id=8595"},"modified":"2023-06-21T11:12:45","modified_gmt":"2023-06-21T10:12:45","slug":"cp-tecnicoa-em-animacao-de-turismo","status":"publish","type":"page","link":"https:\/\/iai.pt\/web\/cp-tecnicoa-em-animacao-de-turismo","title":{"rendered":"CP &#8211; T\u00e9cnico\/a em Anima\u00e7\u00e3o de Turismo &#8211; Plano Curricular"},"content":{"rendered":"<p>[et_pb_section bb_built=&#8221;1&#8243; admin_label=&#8221;section&#8221; background_color=&#8221;#3a3a3a&#8221; parallax=&#8221;on&#8221; padding_mobile=&#8221;off&#8221; width_unit=&#8221;off&#8221; fullwidth=&#8221;off&#8221; specialty=&#8221;off&#8221; disabled=&#8221;off&#8221; background_image=&#8221;http:\/\/iai.pt\/web\/wp-content\/uploads\/2017\/06\/header_cp_animadorturismo_1350x550.jpg&#8221; _builder_version=&#8221;3.0.51&#8243;][et_pb_row admin_label=&#8221;row&#8221; make_fullwidth=&#8221;off&#8221; use_custom_width=&#8221;off&#8221; width_unit=&#8221;off&#8221; custom_width_px=&#8221;1080px&#8221; custom_width_percent=&#8221;80%&#8221; use_custom_gutter=&#8221;off&#8221; gutter_width=&#8221;3&#8243; padding_mobile=&#8221;off&#8221; allow_player_pause=&#8221;off&#8221; parallax=&#8221;off&#8221; parallax_method=&#8221;on&#8221; make_equal=&#8221;off&#8221; column_padding_mobile=&#8221;on&#8221; parallax_1=&#8221;off&#8221; parallax_method_1=&#8221;on&#8221; parallax_2=&#8221;off&#8221; parallax_method_2=&#8221;on&#8221; parallax_3=&#8221;off&#8221; parallax_method_3=&#8221;on&#8221; parallax_4=&#8221;off&#8221; parallax_method_4=&#8221;on&#8221; disabled=&#8221;off&#8221; background_position=&#8221;top_left&#8221; background_repeat=&#8221;repeat&#8221; background_size=&#8221;initial&#8221;][et_pb_column type=&#8221;4_4&#8243;][et_pb_image admin_label=&#8221;Imagem&#8221; show_in_lightbox=&#8221;off&#8221; url_new_window=&#8221;off&#8221; use_overlay=&#8221;off&#8221; sticky=&#8221;off&#8221; align=&#8221;left&#8221; force_fullwidth=&#8221;off&#8221; always_center_on_mobile=&#8221;on&#8221; border_style=&#8221;solid&#8221; _builder_version=&#8221;3.0.51&#8243; src=&#8221;http:\/\/iai.pt\/web\/wp-content\/uploads\/2016\/12\/blank_360x270.png&#8221; \/][\/et_pb_column][\/et_pb_row][et_pb_row admin_label=&#8221;row&#8221; make_fullwidth=&#8221;off&#8221; use_custom_width=&#8221;off&#8221; width_unit=&#8221;off&#8221; custom_width_px=&#8221;1080px&#8221; custom_width_percent=&#8221;80%&#8221; use_custom_gutter=&#8221;off&#8221; gutter_width=&#8221;3&#8243; padding_mobile=&#8221;off&#8221; allow_player_pause=&#8221;off&#8221; parallax=&#8221;off&#8221; parallax_method=&#8221;on&#8221; make_equal=&#8221;off&#8221; column_padding_mobile=&#8221;on&#8221; parallax_1=&#8221;off&#8221; parallax_method_1=&#8221;on&#8221; parallax_2=&#8221;off&#8221; parallax_method_2=&#8221;on&#8221; parallax_3=&#8221;off&#8221; parallax_method_3=&#8221;on&#8221; parallax_4=&#8221;off&#8221; parallax_method_4=&#8221;on&#8221; disabled=&#8221;off&#8221; background_position=&#8221;top_left&#8221; background_repeat=&#8221;repeat&#8221; background_size=&#8221;initial&#8221;][et_pb_column type=&#8221;4_4&#8243;][et_pb_text admin_label=&#8221;Text&#8221; background_layout=&#8221;light&#8221; text_orientation=&#8221;center&#8221; border_style=&#8221;solid&#8221; disabled=&#8221;off&#8221; background_position=&#8221;top_left&#8221; background_repeat=&#8221;repeat&#8221; background_size=&#8221;initial&#8221; _builder_version=&#8221;3.0.51&#8243; text_font_size_last_edited=&#8221;on|phone&#8221; text_letter_spacing_last_edited=&#8221;on|phone&#8221; text_line_height_last_edited=&#8221;on|desktop&#8221; header_font_size_last_edited=&#8221;off|phone&#8221; text_font_size=&#8221;60&#8243; text_font_size_tablet=&#8221;50&#8243; text_line_height=&#8221;1.8em&#8221; text_font_size_phone=&#8221;40&#8243;]<\/p>\n<p>T\u00e9cnico\/a em Anima\u00e7\u00e3o de Turismo<\/p>\n<p>[\/et_pb_text][\/et_pb_column][\/et_pb_row][\/et_pb_section][et_pb_section bb_built=&#8221;1&#8243; admin_label=&#8221;Se\u00e7\u00e3o&#8221; fullwidth=&#8221;off&#8221; specialty=&#8221;off&#8221;][et_pb_row admin_label=&#8221;Linha&#8221; background_position=&#8221;top_left&#8221; background_repeat=&#8221;repeat&#8221; background_size=&#8221;initial&#8221;][et_pb_column type=&#8221;4_4&#8243;][et_pb_testimonial admin_label=&#8221;Depoimento&#8221; url_new_window=&#8221;off&#8221; quote_icon=&#8221;on&#8221; use_background_color=&#8221;on&#8221; background_layout=&#8221;light&#8221; text_orientation=&#8221;center&#8221; border_style=&#8221;solid&#8221; background_position=&#8221;top_left&#8221; background_repeat=&#8221;repeat&#8221; background_size=&#8221;initial&#8221; _builder_version=&#8221;3.0.51&#8243; quote_icon_background_color=&#8221;#f5f5f5&#8243;]<\/p>\n<p>T\u00e9cnico de nivel IV capaz de planear, promover, vender, organizar e acompanhar a presta\u00e7\u00e3o de servi\u00e7os de anima\u00e7\u00e3o tur\u00edstica.<\/p>\n<p>[\/et_pb_testimonial][\/et_pb_column][\/et_pb_row][\/et_pb_section][et_pb_section bb_built=&#8221;1&#8243; admin_label=&#8221;Se\u00e7\u00e3o&#8221; fullwidth=&#8221;off&#8221; specialty=&#8221;off&#8221;][et_pb_row admin_label=&#8221;Linha&#8221; background_position=&#8221;top_left&#8221; background_repeat=&#8221;repeat&#8221; background_size=&#8221;initial&#8221;][et_pb_column type=&#8221;4_4&#8243;][et_pb_text admin_label=&#8221;Texto&#8221; background_layout=&#8221;light&#8221; text_orientation=&#8221;left&#8221; border_style=&#8221;solid&#8221; background_position=&#8221;top_left&#8221; background_repeat=&#8221;repeat&#8221; background_size=&#8221;initial&#8221; _builder_version=&#8221;3.0.51&#8243; header_font_size_last_edited=&#8221;on|desktop&#8221; header_font_size=&#8221;25&#8243;]<\/p>\n<h3>Plano Curricular<\/h3>\n<table border=\"1\" width=\"100%\" cellspacing=\"0\" cellpadding=\"0\">\n<tbody>\n<tr>\n<td width=\"20%\">\n<h5 style=\"text-align: center;\">Componentes<\/h5>\n<\/td>\n<td><\/td>\n<td width=\"65%\">\n<h5>Disciplinas<\/h5>\n<\/td>\n<td width=\"15%\">\n<h5 style=\"text-align: center;\">Carga hor\u00e1ria total<\/h5>\n<p> ( ao longo dos 3 anos )\n<\/td>\n<\/tr>\n<tr>\n<td rowspan=\"6\">\n<h5>Sociocultural<\/h5>\n<\/td>\n<td rowspan=\"6\"><\/td>\n<td>Portugu\u00eas<\/td>\n<td style=\"text-align: center;\">320<\/td>\n<\/tr>\n<tr>\n<td>L\u00edngua Estrangeira (Ingl\u00eas)<\/td>\n<td style=\"text-align: center;\">220<\/td>\n<\/tr>\n<tr>\n<td>\u00c1rea de Integra\u00e7\u00e3o<\/td>\n<td style=\"text-align: center;\">220<\/td>\n<\/tr>\n<tr>\n<td>Tecnologias da Informa\u00e7\u00e3o e Comunica\u00e7\u00e3o<\/td>\n<td style=\"text-align: center;\">100<\/td>\n<\/tr>\n<tr>\n<td>Educa\u00e7\u00e3o F\u00edsica<\/td>\n<td style=\"text-align: center;\">140<\/td>\n<\/tr>\n<tr>\n<td align=\"right\"><strong>Sub-Total<\/strong><\/td>\n<td style=\"text-align: center;\"><strong>1000<\/strong><\/td>\n<\/tr>\n<tr>\n<td rowspan=\"4\">\n<h5>Cient\u00edfica<\/h5>\n<\/td>\n<td rowspan=\"4\"><\/td>\n<td>Matem\u00e1tica<\/td>\n<td style=\"text-align: center;\">100<\/td>\n<\/tr>\n<tr>\n<td>Hist\u00f3ria da Cultura e das Artes<\/td>\n<td style=\"text-align: center;\">200<\/td>\n<\/tr>\n<tr>\n<td>Geografia<\/td>\n<td style=\"text-align: center;\">200<\/td>\n<\/tr>\n<tr>\n<td align=\"right\"><strong>Sub-Total<\/strong><\/td>\n<td style=\"text-align: center;\"><strong>500<\/strong><\/td>\n<\/tr>\n<tr>\n<td rowspan=\"24\">\n<h5>Tecnol\u00f3gica<\/h5>\n<\/td>\n<td rowspan=\"24\"><\/td>\n<td>O setor do turismo em Portugal<\/td>\n<td style=\"text-align: center;\">25<\/td>\n<\/tr>\n<tr>\n<td>A atividade profissional de T\u00e9cnico\/a em Anima\u00e7\u00e3o em Turismo<\/td>\n<td style=\"text-align: center;\">25<\/td>\n<\/tr>\n<tr>\n<td>Qualidade em Turismo<\/td>\n<td style=\"text-align: center;\">25<\/td>\n<\/tr>\n<tr>\n<td>T\u00e9cnicas de comunica\u00e7\u00e3o e relacionamento interpessoal em turismo<\/td>\n<td style=\"text-align: center;\">25<\/td>\n<\/tr>\n<tr>\n<td>Colabora\u00e7\u00e3o e trabalho em equipa em turismo<\/td>\n<td style=\"text-align: center;\">25<\/td>\n<\/tr>\n<tr>\n<td>Turismo inclusivo: conceitos e princ\u00edpios<\/td>\n<td style=\"text-align: center;\">25<\/td>\n<\/tr>\n<tr>\n<td>Normas de seguran\u00e7a e sa\u00fade no trabalho em turismo<\/td>\n<td style=\"text-align: center;\">25<\/td>\n<\/tr>\n<tr>\n<td>Desenhar programas de anima\u00e7\u00e3o tur\u00edstica<\/td>\n<td style=\"text-align: center;\">125<\/td>\n<\/tr>\n<tr>\n<td>Apresentar e aconselhar o cliente sobre os programas e atividades de anima\u00e7\u00e3o tur\u00edstica<\/td>\n<td style=\"text-align: center;\">25<\/td>\n<\/tr>\n<tr>\n<td>Negociar e vender produtos e\/ou servi\u00e7os de anima\u00e7\u00e3o tur\u00edstica<\/td>\n<td style=\"text-align: center;\">75<\/td>\n<\/tr>\n<tr>\n<td>Prestar assist\u00eancia ao cliente no contexto de anima\u00e7\u00e3o tur\u00edstica<\/td>\n<td style=\"text-align: center;\">50<\/td>\n<\/tr>\n<tr>\n<td>Planear e organizar a realiza\u00e7\u00e3o de programas de anima\u00e7\u00e3o tur\u00edstica<\/td>\n<td style=\"text-align: center;\">100<\/td>\n<\/tr>\n<tr>\n<td>Acompanhar e dinamizar e programas de jogos populares e tradicionais<\/td>\n<td style=\"text-align: center;\">75<\/td>\n<\/tr>\n<tr>\n<td>Acompanhar grupos em atividades de anima\u00e7\u00e3o tur\u00edstica de ar livre e cultural<\/td>\n<td style=\"text-align: center;\">75<\/td>\n<\/tr>\n<tr>\n<td>Acompanhar e dinamizar programas de atividades l\u00fadicas e f\u00edsico-recreativas<\/td>\n<td style=\"text-align: center;\">75<\/td>\n<\/tr>\n<tr>\n<td>Atuar em situa\u00e7\u00f5es de emerg\u00eancia em anima\u00e7\u00e3o tur\u00edstica<\/td>\n<td style=\"text-align: center;\">25<\/td>\n<\/tr>\n<tr>\n<td>Comunicar e interagir em l\u00edngua inglesa no contexto da anima\u00e7\u00e3o tur\u00edstica<\/td>\n<td style=\"text-align: center;\">50<\/td>\n<\/tr>\n<tr>\n<td>Comunicar e interagir em l\u00edngua espanhola no contexto da anima\u00e7\u00e3o tur\u00edstica<\/td>\n<td style=\"text-align: center;\">50<\/td>\n<\/tr>\n<tr>\n<td>Aplica\u00e7\u00f5es inform\u00e1ticas na \u00f3tica do utilizador<\/td>\n<td style=\"text-align: center;\">25<\/td>\n<\/tr>\n<tr>\n<td>Ideias e oportunidades de neg\u00f3cio<\/td>\n<td style=\"text-align: center;\">50<\/td>\n<\/tr>\n<tr>\n<td>Compet\u00eancias de empreendedorismo e t\u00e9cnicas de procura de emprego<\/td>\n<td style=\"text-align: center;\">25<\/td>\n<\/tr>\n<tr>\n<td>Gest\u00e3o de eventos<\/td>\n<td style=\"text-align: center;\">50<\/td>\n<\/tr>\n<tr>\n<td>Anima\u00e7\u00e3o e coordena\u00e7\u00e3o de campos de f\u00e9rias<\/td>\n<td align=\"center\">50<\/td>\n<\/tr>\n<tr>\n<td align=\"right\"><strong>Sub-Total<\/strong><\/td>\n<td style=\"text-align: center;\"><strong>1100<\/strong><\/td>\n<\/tr>\n<tr>\n<td rowspan=\"1\">\n<h5>Pr\u00e1tica<\/h5>\n<\/td>\n<td rowspan=\"1\"><\/td>\n<td>Forma\u00e7\u00e3o em Contexto de Trabalho<\/td>\n<td style=\"text-align: center;\">600<\/td>\n<\/tr>\n<tr>\n<td rowspan=\"1\"><\/td>\n<td rowspan=\"1\"><\/td>\n<td align=\"right\" bgcolor=\"#EDEDED\"><strong>Total de Horas Ano\/Curso<\/strong><\/td>\n<td style=\"text-align: center;\" bgcolor=\"#EDEDED\"><strong>1100\/3300<\/strong><\/td>\n<\/tr>\n<\/tbody>\n<\/table>\n<p>[\/et_pb_text][\/et_pb_column][\/et_pb_row][\/et_pb_section][et_pb_section bb_built=&#8221;1&#8243; admin_label=&#8221;section&#8221; background_color=&#8221;#19a03d&#8221; padding_mobile=&#8221;off&#8221; width_unit=&#8221;off&#8221; fullwidth=&#8221;off&#8221; specialty=&#8221;off&#8221; disabled=&#8221;off&#8221; _builder_version=&#8221;3.0.51&#8243; background_image=&#8221;http:\/\/iai.pt\/web\/wp-content\/uploads\/2017\/05\/back_1920_verde.jpg&#8221; parallax=&#8221;on&#8221;][et_pb_row admin_label=&#8221;row&#8221; width_unit=&#8221;off&#8221; padding_mobile=&#8221;off&#8221; column_padding_mobile=&#8221;on&#8221; parallax_2=&#8221;off&#8221; parallax_method_2=&#8221;on&#8221; parallax_3=&#8221;off&#8221; parallax_method_3=&#8221;on&#8221; parallax_4=&#8221;off&#8221; parallax_method_4=&#8221;on&#8221; disabled=&#8221;off&#8221; background_position=&#8221;top_left&#8221; background_repeat=&#8221;repeat&#8221; background_size=&#8221;initial&#8221; _builder_version=&#8221;3.0.51&#8243; background_position_1=&#8221;top_left&#8221; background_repeat_1=&#8221;no-repeat&#8221;][et_pb_column type=&#8221;4_4&#8243;][et_pb_cta admin_label=&#8221;Call To Action&#8221; title=&#8221;Interessado?&#8221; button_url=&#8221;http:\/\/iai.pt\/web\/candidatura&#8221; url_new_window=&#8221;off&#8221; button_text=&#8221;Candidatura&#8221; use_background_color=&#8221;off&#8221; background_color=&#8221;#19a03d&#8221; background_layout=&#8221;dark&#8221; border_style=&#8221;solid&#8221; custom_button=&#8221;off&#8221; button_use_icon=&#8221;on&#8221; button_icon_placement=&#8221;right&#8221; button_letter_spacing_hover=&#8221;0&#8243; disabled=&#8221;off&#8221; button_letter_spacing=&#8221;0&#8243; background_position=&#8221;top_left&#8221; background_repeat=&#8221;repeat&#8221; background_size=&#8221;initial&#8221; _builder_version=&#8221;3.0.51&#8243; \/][\/et_pb_column][\/et_pb_row][\/et_pb_section]<\/p>\n","protected":false},"excerpt":{"rendered":"<p>T\u00e9cnico\/a em Anima\u00e7\u00e3o de Turismo T\u00e9cnico de nivel IV capaz de planear, promover, vender, organizar e acompanhar a presta\u00e7\u00e3o de servi\u00e7os de anima\u00e7\u00e3o tur\u00edstica. Plano Curricular Componentes Disciplinas Carga hor\u00e1ria total ( ao longo dos 3 anos ) Sociocultural Portugu\u00eas 320 L\u00edngua Estrangeira (Ingl\u00eas) 220 \u00c1rea de Integra\u00e7\u00e3o 220 Tecnologias da Informa\u00e7\u00e3o e Comunica\u00e7\u00e3o 100 [&hellip;]<\/p>\n","protected":false},"author":1,"featured_media":8600,"parent":0,"menu_order":0,"comment_status":"closed","ping_status":"closed","template":"","meta":{"_et_pb_use_builder":"on","_et_pb_old_content":"","_et_gb_content_width":"","footnotes":""},"class_list":["post-8595","page","type-page","status-publish","has-post-thumbnail","hentry"],"aioseo_notices":[],"_links":{"self":[{"href":"https:\/\/iai.pt\/web\/wp-json\/wp\/v2\/pages\/8595","targetHints":{"allow":["GET"]}}],"collection":[{"href":"https:\/\/iai.pt\/web\/wp-json\/wp\/v2\/pages"}],"about":[{"href":"https:\/\/iai.pt\/web\/wp-json\/wp\/v2\/types\/page"}],"author":[{"embeddable":true,"href":"https:\/\/iai.pt\/web\/wp-json\/wp\/v2\/users\/1"}],"replies":[{"embeddable":true,"href":"https:\/\/iai.pt\/web\/wp-json\/wp\/v2\/comments?post=8595"}],"version-history":[{"count":1,"href":"https:\/\/iai.pt\/web\/wp-json\/wp\/v2\/pages\/8595\/revisions"}],"predecessor-version":[{"id":8597,"href":"https:\/\/iai.pt\/web\/wp-json\/wp\/v2\/pages\/8595\/revisions\/8597"}],"wp:featuredmedia":[{"embeddable":true,"href":"https:\/\/iai.pt\/web\/wp-json\/wp\/v2\/media\/8600"}],"wp:attachment":[{"href":"https:\/\/iai.pt\/web\/wp-json\/wp\/v2\/media?parent=8595"}],"curies":[{"name":"wp","href":"https:\/\/api.w.org\/{rel}","templated":true}]}}