{"id":9178,"date":"2018-09-13T10:47:35","date_gmt":"2018-09-13T09:47:35","guid":{"rendered":"http:\/\/iai.pt\/web\/?page_id=9178"},"modified":"2020-03-04T13:11:16","modified_gmt":"2020-03-04T13:11:16","slug":"plano-prevencao-e-emergencia","status":"publish","type":"page","link":"https:\/\/iai.pt\/web\/plano-prevencao-e-emergencia","title":{"rendered":"Plano Preven\u00e7\u00e3o e Emerg\u00eancia"},"content":{"rendered":"<p>[et_pb_section fb_built=&#8221;1&#8243; admin_label=&#8221;section&#8221; _builder_version=&#8221;3.22&#8243;][et_pb_row admin_label=&#8221;row&#8221; _builder_version=&#8221;3.25&#8243; background_size=&#8221;initial&#8221; background_position=&#8221;top_left&#8221; background_repeat=&#8221;repeat&#8221;][et_pb_column type=&#8221;4_4&#8243; _builder_version=&#8221;3.25&#8243; custom_padding=&#8221;|||&#8221; custom_padding__hover=&#8221;|||&#8221;][et_pb_text _builder_version=&#8221;3.27.4&#8243; background_size=&#8221;initial&#8221; background_position=&#8221;top_left&#8221; background_repeat=&#8221;repeat&#8221; border_style=&#8221;solid&#8221;]<\/p>\n<h1>Plano de Preven\u00e7\u00e3o e Emerg\u00eancia<\/h1>\n<p>[\/et_pb_text][\/et_pb_column][\/et_pb_row][et_pb_row admin_label=&#8221;row&#8221; _builder_version=&#8221;3.25&#8243; background_size=&#8221;initial&#8221; background_position=&#8221;top_left&#8221; background_repeat=&#8221;repeat&#8221; column_structure=&#8221;1_3,2_3&#8243;][et_pb_column type=&#8221;1_3&#8243; _builder_version=&#8221;3.25&#8243; custom_padding=&#8221;|||&#8221; custom_padding__hover=&#8221;|||&#8221;][et_pb_text _builder_version=&#8221;4.3.4&#8243; background_size=&#8221;initial&#8221; background_position=&#8221;top_left&#8221; background_repeat=&#8221;repeat&#8221; hover_enabled=&#8221;0&#8243; border_style=&#8221;solid&#8221;]<\/p>\n<h6><a href=\"http:\/\/www.iai.pt\/download\/planoPrevencaoEmergencia.pdf\" target=\"_blank\" rel=\"noopener noreferrer\"><img loading=\"lazy\" decoding=\"async\" src=\"http:\/\/iai.pt\/web\/wp-content\/uploads\/2020\/03\/planoprevencaoemergencia.jpg\" width=\"200\" height=\"282\" alt=\"\" class=\"wp-image-9818 alignnone size-full\" \/><\/a><br \/> tamanho: 9.0MB<\/h6>\n<p>[\/et_pb_text][\/et_pb_column][et_pb_column type=&#8221;2_3&#8243; _builder_version=&#8221;3.25&#8243; custom_padding=&#8221;|||&#8221; custom_padding__hover=&#8221;|||&#8221;][et_pb_text _builder_version=&#8221;3.27.4&#8243; background_size=&#8221;initial&#8221; background_position=&#8221;top_left&#8221; background_repeat=&#8221;repeat&#8221; use_border_color=&#8221;off&#8221; border_color=&#8221;#ffffff&#8221; border_style=&#8221;solid&#8221;]Para visualizar este conte\u00fado \u00e9 necess\u00e1rio instalar o <a href=\"https:\/\/get.adobe.com\/reader\/?loc=br\" target=\"_blank\" rel=\"noopener noreferrer\">Adobe Acrobat Reader DC<\/a><br \/>\n[\/et_pb_text][\/et_pb_column][\/et_pb_row][\/et_pb_section]<\/p>\n","protected":false},"excerpt":{"rendered":"<p>Plano de Preven\u00e7\u00e3o e Emerg\u00eancia tamanho: 9.0MB Para visualizar este conte\u00fado \u00e9 necess\u00e1rio instalar o Adobe Acrobat Reader DC<\/p>\n","protected":false},"author":1,"featured_media":0,"parent":0,"menu_order":0,"comment_status":"closed","ping_status":"closed","template":"","meta":{"_et_pb_use_builder":"on","_et_pb_old_content":"","_et_gb_content_width":"","footnotes":""},"class_list":["post-9178","page","type-page","status-publish","hentry"],"aioseo_notices":[],"_links":{"self":[{"href":"https:\/\/iai.pt\/web\/wp-json\/wp\/v2\/pages\/9178","targetHints":{"allow":["GET"]}}],"collection":[{"href":"https:\/\/iai.pt\/web\/wp-json\/wp\/v2\/pages"}],"about":[{"href":"https:\/\/iai.pt\/web\/wp-json\/wp\/v2\/types\/page"}],"author":[{"embeddable":true,"href":"https:\/\/iai.pt\/web\/wp-json\/wp\/v2\/users\/1"}],"replies":[{"embeddable":true,"href":"https:\/\/iai.pt\/web\/wp-json\/wp\/v2\/comments?post=9178"}],"version-history":[{"count":0,"href":"https:\/\/iai.pt\/web\/wp-json\/wp\/v2\/pages\/9178\/revisions"}],"wp:attachment":[{"href":"https:\/\/iai.pt\/web\/wp-json\/wp\/v2\/media?parent=9178"}],"curies":[{"name":"wp","href":"https:\/\/api.w.org\/{rel}","templated":true}]}}